{"id":824,"date":"2024-11-06T10:39:00","date_gmt":"2024-11-06T10:39:00","guid":{"rendered":"https:\/\/dtburakanilsarp.com\/tr\/?page_id=824"},"modified":"2024-11-06T10:39:03","modified_gmt":"2024-11-06T10:39:03","slug":"gulus-tasarimi","status":"publish","type":"page","link":"https:\/\/dtburakanilsarp.com\/tr\/gulus-tasarimi\/","title":{"rendered":"G\u00fcl\u00fc\u015f Tasar\u0131m\u0131"},"content":{"rendered":"\n<p>G\u00fcl\u00fc\u015f tasar\u0131m\u0131 olarak da bilinen g\u00fcl\u00fc\u015f esteti\u011fi, uyumlu ve g\u00fczel bir g\u00f6r\u00fcn\u00fc\u015f yaratmak i\u00e7in \u00e7o\u011funlukla birden fazla di\u015f \u00fczerinde uygulanan bir kozmetik di\u015f tedavisi ya da bir dizi di\u015f tedavisidir. Bu prosed\u00fcr, di\u015f beyazlatma, kaplama ya da di\u015f implant\u0131 gibi tedavileri i\u00e7erebilir.<\/p>\n","protected":false},"excerpt":{"rendered":"<p>G\u00fcl\u00fc\u015f tasar\u0131m\u0131 olarak da bilinen g\u00fcl\u00fc\u015f esteti\u011fi, uyumlu ve g\u00fczel bir g\u00f6r\u00fcn\u00fc\u015f yaratmak i\u00e7in \u00e7o\u011funlukla birden fazla di\u015f \u00fczerinde uygulanan bir kozmetik di\u015f tedavisi ya da<span class=\"excerpt-hellip\"> [\u2026]<\/span><\/p>\n","protected":false},"author":1,"featured_media":0,"parent":0,"menu_order":0,"comment_status":"closed","ping_status":"closed","template":"","meta":{"footnotes":""},"class_list":["post-824","page","type-page","status-publish","hentry"],"yoast_head":"<!-- This site is optimized with the Yoast SEO plugin v26.2 - https:\/\/yoast.com\/wordpress\/plugins\/seo\/ -->\n<title>G\u00fcl\u00fc\u015f Tasar\u0131m\u0131 - Dt. Burak An\u0131l SARP<\/title>\n<meta name=\"robots\" content=\"index, follow, max-snippet:-1, max-image-preview:large, max-video-preview:-1\" \/>\n<link rel=\"canonical\" href=\"https:\/\/dtburakanilsarp.com\/tr\/gulus-tasarimi\/\" \/>\n<meta property=\"og:locale\" content=\"tr_TR\" \/>\n<meta property=\"og:type\" content=\"article\" \/>\n<meta property=\"og:title\" content=\"G\u00fcl\u00fc\u015f Tasar\u0131m\u0131 - Dt. Burak An\u0131l SARP\" \/>\n<meta property=\"og:description\" content=\"G\u00fcl\u00fc\u015f tasar\u0131m\u0131 olarak da bilinen g\u00fcl\u00fc\u015f esteti\u011fi, uyumlu ve g\u00fczel bir g\u00f6r\u00fcn\u00fc\u015f yaratmak i\u00e7in \u00e7o\u011funlukla birden fazla di\u015f \u00fczerinde uygulanan bir kozmetik di\u015f tedavisi ya da [\u2026]\" \/>\n<meta property=\"og:url\" content=\"https:\/\/dtburakanilsarp.com\/tr\/gulus-tasarimi\/\" \/>\n<meta property=\"og:site_name\" content=\"Dt. Burak An\u0131l SARP\" \/>\n<meta property=\"article:modified_time\" content=\"2024-11-06T10:39:03+00:00\" \/>\n<meta name=\"twitter:card\" content=\"summary_large_image\" \/>\n<meta name=\"twitter:label1\" content=\"Tahmini okuma s\u00fcresi\" \/>\n\t<meta name=\"twitter:data1\" content=\"1 dakika\" \/>\n<script type=\"application\/ld+json\" class=\"yoast-schema-graph\">{\"@context\":\"https:\/\/schema.org\",\"@graph\":[{\"@type\":\"WebPage\",\"@id\":\"https:\/\/dtburakanilsarp.com\/tr\/gulus-tasarimi\/\",\"url\":\"https:\/\/dtburakanilsarp.com\/tr\/gulus-tasarimi\/\",\"name\":\"G\u00fcl\u00fc\u015f Tasar\u0131m\u0131 - Dt. Burak An\u0131l SARP\",\"isPartOf\":{\"@id\":\"https:\/\/dtburakanilsarp.com\/tr\/#website\"},\"datePublished\":\"2024-11-06T10:39:00+00:00\",\"dateModified\":\"2024-11-06T10:39:03+00:00\",\"breadcrumb\":{\"@id\":\"https:\/\/dtburakanilsarp.com\/tr\/gulus-tasarimi\/#breadcrumb\"},\"inLanguage\":\"tr\",\"potentialAction\":[{\"@type\":\"ReadAction\",\"target\":[\"https:\/\/dtburakanilsarp.com\/tr\/gulus-tasarimi\/\"]}]},{\"@type\":\"BreadcrumbList\",\"@id\":\"https:\/\/dtburakanilsarp.com\/tr\/gulus-tasarimi\/#breadcrumb\",\"itemListElement\":[{\"@type\":\"ListItem\",\"position\":1,\"name\":\"Ana sayfa\",\"item\":\"https:\/\/dtburakanilsarp.com\/tr\/\"},{\"@type\":\"ListItem\",\"position\":2,\"name\":\"G\u00fcl\u00fc\u015f Tasar\u0131m\u0131\"}]},{\"@type\":\"WebSite\",\"@id\":\"https:\/\/dtburakanilsarp.com\/tr\/#website\",\"url\":\"https:\/\/dtburakanilsarp.com\/tr\/\",\"name\":\"Dt. Burak An\u0131l SARP\",\"description\":\"\",\"potentialAction\":[{\"@type\":\"SearchAction\",\"target\":{\"@type\":\"EntryPoint\",\"urlTemplate\":\"https:\/\/dtburakanilsarp.com\/tr\/?s={search_term_string}\"},\"query-input\":{\"@type\":\"PropertyValueSpecification\",\"valueRequired\":true,\"valueName\":\"search_term_string\"}}],\"inLanguage\":\"tr\"}]}<\/script>\n<!-- \/ Yoast SEO plugin. -->","yoast_head_json":{"title":"G\u00fcl\u00fc\u015f Tasar\u0131m\u0131 - Dt. Burak An\u0131l SARP","robots":{"index":"index","follow":"follow","max-snippet":"max-snippet:-1","max-image-preview":"max-image-preview:large","max-video-preview":"max-video-preview:-1"},"canonical":"https:\/\/dtburakanilsarp.com\/tr\/gulus-tasarimi\/","og_locale":"tr_TR","og_type":"article","og_title":"G\u00fcl\u00fc\u015f Tasar\u0131m\u0131 - Dt. Burak An\u0131l SARP","og_description":"G\u00fcl\u00fc\u015f tasar\u0131m\u0131 olarak da bilinen g\u00fcl\u00fc\u015f esteti\u011fi, uyumlu ve g\u00fczel bir g\u00f6r\u00fcn\u00fc\u015f yaratmak i\u00e7in \u00e7o\u011funlukla birden fazla di\u015f \u00fczerinde uygulanan bir kozmetik di\u015f tedavisi ya da [\u2026]","og_url":"https:\/\/dtburakanilsarp.com\/tr\/gulus-tasarimi\/","og_site_name":"Dt. Burak An\u0131l SARP","article_modified_time":"2024-11-06T10:39:03+00:00","twitter_card":"summary_large_image","twitter_misc":{"Tahmini okuma s\u00fcresi":"1 dakika"},"schema":{"@context":"https:\/\/schema.org","@graph":[{"@type":"WebPage","@id":"https:\/\/dtburakanilsarp.com\/tr\/gulus-tasarimi\/","url":"https:\/\/dtburakanilsarp.com\/tr\/gulus-tasarimi\/","name":"G\u00fcl\u00fc\u015f Tasar\u0131m\u0131 - Dt. Burak An\u0131l SARP","isPartOf":{"@id":"https:\/\/dtburakanilsarp.com\/tr\/#website"},"datePublished":"2024-11-06T10:39:00+00:00","dateModified":"2024-11-06T10:39:03+00:00","breadcrumb":{"@id":"https:\/\/dtburakanilsarp.com\/tr\/gulus-tasarimi\/#breadcrumb"},"inLanguage":"tr","potentialAction":[{"@type":"ReadAction","target":["https:\/\/dtburakanilsarp.com\/tr\/gulus-tasarimi\/"]}]},{"@type":"BreadcrumbList","@id":"https:\/\/dtburakanilsarp.com\/tr\/gulus-tasarimi\/#breadcrumb","itemListElement":[{"@type":"ListItem","position":1,"name":"Ana sayfa","item":"https:\/\/dtburakanilsarp.com\/tr\/"},{"@type":"ListItem","position":2,"name":"G\u00fcl\u00fc\u015f Tasar\u0131m\u0131"}]},{"@type":"WebSite","@id":"https:\/\/dtburakanilsarp.com\/tr\/#website","url":"https:\/\/dtburakanilsarp.com\/tr\/","name":"Dt. Burak An\u0131l SARP","description":"","potentialAction":[{"@type":"SearchAction","target":{"@type":"EntryPoint","urlTemplate":"https:\/\/dtburakanilsarp.com\/tr\/?s={search_term_string}"},"query-input":{"@type":"PropertyValueSpecification","valueRequired":true,"valueName":"search_term_string"}}],"inLanguage":"tr"}]}},"_links":{"self":[{"href":"https:\/\/dtburakanilsarp.com\/tr\/wp-json\/wp\/v2\/pages\/824","targetHints":{"allow":["GET"]}}],"collection":[{"href":"https:\/\/dtburakanilsarp.com\/tr\/wp-json\/wp\/v2\/pages"}],"about":[{"href":"https:\/\/dtburakanilsarp.com\/tr\/wp-json\/wp\/v2\/types\/page"}],"author":[{"embeddable":true,"href":"https:\/\/dtburakanilsarp.com\/tr\/wp-json\/wp\/v2\/users\/1"}],"replies":[{"embeddable":true,"href":"https:\/\/dtburakanilsarp.com\/tr\/wp-json\/wp\/v2\/comments?post=824"}],"version-history":[{"count":1,"href":"https:\/\/dtburakanilsarp.com\/tr\/wp-json\/wp\/v2\/pages\/824\/revisions"}],"predecessor-version":[{"id":825,"href":"https:\/\/dtburakanilsarp.com\/tr\/wp-json\/wp\/v2\/pages\/824\/revisions\/825"}],"wp:attachment":[{"href":"https:\/\/dtburakanilsarp.com\/tr\/wp-json\/wp\/v2\/media?parent=824"}],"curies":[{"name":"wp","href":"https:\/\/api.w.org\/{rel}","templated":true}]}}