{"id":830,"date":"2024-11-06T10:41:31","date_gmt":"2024-11-06T10:41:31","guid":{"rendered":"https:\/\/dtburakanilsarp.com\/tr\/?page_id=830"},"modified":"2024-11-06T10:41:33","modified_gmt":"2024-11-06T10:41:33","slug":"dis-beyazlatma","status":"publish","type":"page","link":"https:\/\/dtburakanilsarp.com\/tr\/dis-beyazlatma\/","title":{"rendered":"Di\u015f Beyazlatma"},"content":{"rendered":"\n<p>Bir di\u015f hekimi sizin i\u00e7in en iyi beyazlatma se\u00e7eneklerini bulabilir ve komplikasyonlar\u0131 \u00f6nlemek i\u00e7in bir tedavi plan\u0131n\u0131 denetleyebilir.<\/p>\n\n\n\n<p>Profesyonel beyazlatma bir di\u015f\u00e7i ofisinde yakla\u015f\u0131k bir saat i\u00e7inde yap\u0131labilir. Prosed\u00fcr,% 25 ila% 40 aras\u0131nda hidrojen peroksit i\u00e7eren bir di\u015f beyazlat\u0131c\u0131 jelin uygulanmas\u0131n\u0131 ve daha sonra jellerin aral\u0131klar aras\u0131nda yeniden uygulanmas\u0131yla di\u015flerinize 20 dakikal\u0131k \u00fc\u00e7 aral\u0131k boyunca \u00f6zel bir \u0131s\u0131tma lambas\u0131n\u0131n hedeflenmesini i\u00e7erir. Baz\u0131 di\u015f hekimleri beyazlatma i\u015flemini h\u0131zland\u0131rd\u0131\u011f\u0131 veya aktive etti\u011fi bildirilen bir lazer de kullanabilir. Beyazlatma prosed\u00fcr\u00fc s\u0131ras\u0131nda dudaklar\u0131n\u0131z\u0131, di\u015f etlerinizi ve dilinizi beyazlat\u0131c\u0131 jelden uzak tutmak i\u00e7in koruyucu bir bariyer kullan\u0131l\u0131r, b\u00f6ylece di\u015flerinizde yerinde kal\u0131r. Optimal sonu\u00e7lar i\u00e7in, di\u015f hekimi genellikle di\u015fleriniz i\u00e7in kal\u0131planm\u0131\u015f beyazlat\u0131c\u0131 tepsiler verecektir, b\u00f6ylece evde a\u011fartma \u00e7\u00f6z\u00fcmleri ile takip edebilirsiniz.<\/p>\n","protected":false},"excerpt":{"rendered":"<p>Bir di\u015f hekimi sizin i\u00e7in en iyi beyazlatma se\u00e7eneklerini bulabilir ve komplikasyonlar\u0131 \u00f6nlemek i\u00e7in bir tedavi plan\u0131n\u0131 denetleyebilir. Profesyonel beyazlatma bir di\u015f\u00e7i ofisinde yakla\u015f\u0131k bir saat<span class=\"excerpt-hellip\"> [\u2026]<\/span><\/p>\n","protected":false},"author":1,"featured_media":0,"parent":0,"menu_order":0,"comment_status":"closed","ping_status":"closed","template":"","meta":{"footnotes":""},"class_list":["post-830","page","type-page","status-publish","hentry"],"yoast_head":"<!-- This site is optimized with the Yoast SEO plugin v26.2 - https:\/\/yoast.com\/wordpress\/plugins\/seo\/ -->\n<title>Di\u015f Beyazlatma - Dt. Burak An\u0131l SARP<\/title>\n<meta name=\"robots\" content=\"index, follow, max-snippet:-1, max-image-preview:large, max-video-preview:-1\" \/>\n<link rel=\"canonical\" href=\"https:\/\/dtburakanilsarp.com\/tr\/dis-beyazlatma\/\" \/>\n<meta property=\"og:locale\" content=\"tr_TR\" \/>\n<meta property=\"og:type\" content=\"article\" \/>\n<meta property=\"og:title\" content=\"Di\u015f Beyazlatma - Dt. Burak An\u0131l SARP\" \/>\n<meta property=\"og:description\" content=\"Bir di\u015f hekimi sizin i\u00e7in en iyi beyazlatma se\u00e7eneklerini bulabilir ve komplikasyonlar\u0131 \u00f6nlemek i\u00e7in bir tedavi plan\u0131n\u0131 denetleyebilir. Profesyonel beyazlatma bir di\u015f\u00e7i ofisinde yakla\u015f\u0131k bir saat [\u2026]\" \/>\n<meta property=\"og:url\" content=\"https:\/\/dtburakanilsarp.com\/tr\/dis-beyazlatma\/\" \/>\n<meta property=\"og:site_name\" content=\"Dt. Burak An\u0131l SARP\" \/>\n<meta property=\"article:modified_time\" content=\"2024-11-06T10:41:33+00:00\" \/>\n<meta name=\"twitter:card\" content=\"summary_large_image\" \/>\n<meta name=\"twitter:label1\" content=\"Tahmini okuma s\u00fcresi\" \/>\n\t<meta name=\"twitter:data1\" content=\"1 dakika\" \/>\n<script type=\"application\/ld+json\" class=\"yoast-schema-graph\">{\"@context\":\"https:\/\/schema.org\",\"@graph\":[{\"@type\":\"WebPage\",\"@id\":\"https:\/\/dtburakanilsarp.com\/tr\/dis-beyazlatma\/\",\"url\":\"https:\/\/dtburakanilsarp.com\/tr\/dis-beyazlatma\/\",\"name\":\"Di\u015f Beyazlatma - Dt. Burak An\u0131l SARP\",\"isPartOf\":{\"@id\":\"https:\/\/dtburakanilsarp.com\/tr\/#website\"},\"datePublished\":\"2024-11-06T10:41:31+00:00\",\"dateModified\":\"2024-11-06T10:41:33+00:00\",\"breadcrumb\":{\"@id\":\"https:\/\/dtburakanilsarp.com\/tr\/dis-beyazlatma\/#breadcrumb\"},\"inLanguage\":\"tr\",\"potentialAction\":[{\"@type\":\"ReadAction\",\"target\":[\"https:\/\/dtburakanilsarp.com\/tr\/dis-beyazlatma\/\"]}]},{\"@type\":\"BreadcrumbList\",\"@id\":\"https:\/\/dtburakanilsarp.com\/tr\/dis-beyazlatma\/#breadcrumb\",\"itemListElement\":[{\"@type\":\"ListItem\",\"position\":1,\"name\":\"Ana sayfa\",\"item\":\"https:\/\/dtburakanilsarp.com\/tr\/\"},{\"@type\":\"ListItem\",\"position\":2,\"name\":\"Di\u015f Beyazlatma\"}]},{\"@type\":\"WebSite\",\"@id\":\"https:\/\/dtburakanilsarp.com\/tr\/#website\",\"url\":\"https:\/\/dtburakanilsarp.com\/tr\/\",\"name\":\"Dt. Burak An\u0131l SARP\",\"description\":\"\",\"potentialAction\":[{\"@type\":\"SearchAction\",\"target\":{\"@type\":\"EntryPoint\",\"urlTemplate\":\"https:\/\/dtburakanilsarp.com\/tr\/?s={search_term_string}\"},\"query-input\":{\"@type\":\"PropertyValueSpecification\",\"valueRequired\":true,\"valueName\":\"search_term_string\"}}],\"inLanguage\":\"tr\"}]}<\/script>\n<!-- \/ Yoast SEO plugin. -->","yoast_head_json":{"title":"Di\u015f Beyazlatma - Dt. Burak An\u0131l SARP","robots":{"index":"index","follow":"follow","max-snippet":"max-snippet:-1","max-image-preview":"max-image-preview:large","max-video-preview":"max-video-preview:-1"},"canonical":"https:\/\/dtburakanilsarp.com\/tr\/dis-beyazlatma\/","og_locale":"tr_TR","og_type":"article","og_title":"Di\u015f Beyazlatma - Dt. Burak An\u0131l SARP","og_description":"Bir di\u015f hekimi sizin i\u00e7in en iyi beyazlatma se\u00e7eneklerini bulabilir ve komplikasyonlar\u0131 \u00f6nlemek i\u00e7in bir tedavi plan\u0131n\u0131 denetleyebilir. Profesyonel beyazlatma bir di\u015f\u00e7i ofisinde yakla\u015f\u0131k bir saat [\u2026]","og_url":"https:\/\/dtburakanilsarp.com\/tr\/dis-beyazlatma\/","og_site_name":"Dt. Burak An\u0131l SARP","article_modified_time":"2024-11-06T10:41:33+00:00","twitter_card":"summary_large_image","twitter_misc":{"Tahmini okuma s\u00fcresi":"1 dakika"},"schema":{"@context":"https:\/\/schema.org","@graph":[{"@type":"WebPage","@id":"https:\/\/dtburakanilsarp.com\/tr\/dis-beyazlatma\/","url":"https:\/\/dtburakanilsarp.com\/tr\/dis-beyazlatma\/","name":"Di\u015f Beyazlatma - Dt. Burak An\u0131l SARP","isPartOf":{"@id":"https:\/\/dtburakanilsarp.com\/tr\/#website"},"datePublished":"2024-11-06T10:41:31+00:00","dateModified":"2024-11-06T10:41:33+00:00","breadcrumb":{"@id":"https:\/\/dtburakanilsarp.com\/tr\/dis-beyazlatma\/#breadcrumb"},"inLanguage":"tr","potentialAction":[{"@type":"ReadAction","target":["https:\/\/dtburakanilsarp.com\/tr\/dis-beyazlatma\/"]}]},{"@type":"BreadcrumbList","@id":"https:\/\/dtburakanilsarp.com\/tr\/dis-beyazlatma\/#breadcrumb","itemListElement":[{"@type":"ListItem","position":1,"name":"Ana sayfa","item":"https:\/\/dtburakanilsarp.com\/tr\/"},{"@type":"ListItem","position":2,"name":"Di\u015f Beyazlatma"}]},{"@type":"WebSite","@id":"https:\/\/dtburakanilsarp.com\/tr\/#website","url":"https:\/\/dtburakanilsarp.com\/tr\/","name":"Dt. Burak An\u0131l SARP","description":"","potentialAction":[{"@type":"SearchAction","target":{"@type":"EntryPoint","urlTemplate":"https:\/\/dtburakanilsarp.com\/tr\/?s={search_term_string}"},"query-input":{"@type":"PropertyValueSpecification","valueRequired":true,"valueName":"search_term_string"}}],"inLanguage":"tr"}]}},"_links":{"self":[{"href":"https:\/\/dtburakanilsarp.com\/tr\/wp-json\/wp\/v2\/pages\/830","targetHints":{"allow":["GET"]}}],"collection":[{"href":"https:\/\/dtburakanilsarp.com\/tr\/wp-json\/wp\/v2\/pages"}],"about":[{"href":"https:\/\/dtburakanilsarp.com\/tr\/wp-json\/wp\/v2\/types\/page"}],"author":[{"embeddable":true,"href":"https:\/\/dtburakanilsarp.com\/tr\/wp-json\/wp\/v2\/users\/1"}],"replies":[{"embeddable":true,"href":"https:\/\/dtburakanilsarp.com\/tr\/wp-json\/wp\/v2\/comments?post=830"}],"version-history":[{"count":1,"href":"https:\/\/dtburakanilsarp.com\/tr\/wp-json\/wp\/v2\/pages\/830\/revisions"}],"predecessor-version":[{"id":831,"href":"https:\/\/dtburakanilsarp.com\/tr\/wp-json\/wp\/v2\/pages\/830\/revisions\/831"}],"wp:attachment":[{"href":"https:\/\/dtburakanilsarp.com\/tr\/wp-json\/wp\/v2\/media?parent=830"}],"curies":[{"name":"wp","href":"https:\/\/api.w.org\/{rel}","templated":true}]}}