{"id":832,"date":"2024-11-06T10:42:09","date_gmt":"2024-11-06T10:42:09","guid":{"rendered":"https:\/\/dtburakanilsarp.com\/tr\/?page_id=832"},"modified":"2024-11-06T10:42:11","modified_gmt":"2024-11-06T10:42:11","slug":"cocuk-dis-hekimligi","status":"publish","type":"page","link":"https:\/\/dtburakanilsarp.com\/tr\/cocuk-dis-hekimligi\/","title":{"rendered":"\u00c7ocuk Di\u015f Hekimli\u011fi"},"content":{"rendered":"\n<p>\u00c7ocuk di\u015f hekimli\u011fi, \u00e7ocuklarda di\u015f sa\u011fl\u0131\u011f\u0131 konusunda muayene ve tedaviyle ilgilenen, di\u015f hekimli\u011finin bir anabilim dal\u0131d\u0131r. Bu muayene ve tedavi s\u00fcreci bebeklikten ba\u015flayarak ergenlik d\u00f6nemine kadar uzar.<\/p>\n\n\n\n<p>\u00c7ocuklarda bebek di\u015fleri ilk 6 ay i\u00e7erisinde \u00e7\u0131kar. 6-7 ya\u015fa gelindi\u011finde ise bu ilk di\u015fler d\u00fc\u015fmeye ba\u015flar ve kal\u0131c\u0131 olacak ikincil di\u015fler yerlerini al\u0131r. Gereken a\u011f\u0131z i\u00e7i hijyeni sa\u011flanmad\u0131\u011f\u0131nda, \u00e7ocuklar hayat boyu problem \u00e7\u0131karabilecek muhtemel di\u015f \u00e7\u00fcr\u00fckleri ve hastal\u0131k riskiyle kar\u015f\u0131la\u015f\u0131rlar. \u00c7ocuk Di\u015f Hekimli\u011fi bu problemlerin \u00f6nlenmesinde ve tedavisinde olduk\u00e7a \u00f6nemlidir.<\/p>\n","protected":false},"excerpt":{"rendered":"<p>\u00c7ocuk di\u015f hekimli\u011fi, \u00e7ocuklarda di\u015f sa\u011fl\u0131\u011f\u0131 konusunda muayene ve tedaviyle ilgilenen, di\u015f hekimli\u011finin bir anabilim dal\u0131d\u0131r. Bu muayene ve tedavi s\u00fcreci bebeklikten ba\u015flayarak ergenlik d\u00f6nemine kadar<span class=\"excerpt-hellip\"> [\u2026]<\/span><\/p>\n","protected":false},"author":1,"featured_media":0,"parent":0,"menu_order":0,"comment_status":"closed","ping_status":"closed","template":"","meta":{"footnotes":""},"class_list":["post-832","page","type-page","status-publish","hentry"],"yoast_head":"<!-- This site is optimized with the Yoast SEO plugin v26.2 - https:\/\/yoast.com\/wordpress\/plugins\/seo\/ -->\n<title>\u00c7ocuk Di\u015f Hekimli\u011fi - Dt. Burak An\u0131l SARP<\/title>\n<meta name=\"robots\" content=\"index, follow, max-snippet:-1, max-image-preview:large, max-video-preview:-1\" \/>\n<link rel=\"canonical\" href=\"https:\/\/dtburakanilsarp.com\/tr\/cocuk-dis-hekimligi\/\" \/>\n<meta property=\"og:locale\" content=\"tr_TR\" \/>\n<meta property=\"og:type\" content=\"article\" \/>\n<meta property=\"og:title\" content=\"\u00c7ocuk Di\u015f Hekimli\u011fi - Dt. Burak An\u0131l SARP\" \/>\n<meta property=\"og:description\" content=\"\u00c7ocuk di\u015f hekimli\u011fi, \u00e7ocuklarda di\u015f sa\u011fl\u0131\u011f\u0131 konusunda muayene ve tedaviyle ilgilenen, di\u015f hekimli\u011finin bir anabilim dal\u0131d\u0131r. Bu muayene ve tedavi s\u00fcreci bebeklikten ba\u015flayarak ergenlik d\u00f6nemine kadar [\u2026]\" \/>\n<meta property=\"og:url\" content=\"https:\/\/dtburakanilsarp.com\/tr\/cocuk-dis-hekimligi\/\" \/>\n<meta property=\"og:site_name\" content=\"Dt. Burak An\u0131l SARP\" \/>\n<meta property=\"article:modified_time\" content=\"2024-11-06T10:42:11+00:00\" \/>\n<meta name=\"twitter:card\" content=\"summary_large_image\" \/>\n<meta name=\"twitter:label1\" content=\"Tahmini okuma s\u00fcresi\" \/>\n\t<meta name=\"twitter:data1\" content=\"1 dakika\" \/>\n<script type=\"application\/ld+json\" class=\"yoast-schema-graph\">{\"@context\":\"https:\/\/schema.org\",\"@graph\":[{\"@type\":\"WebPage\",\"@id\":\"https:\/\/dtburakanilsarp.com\/tr\/cocuk-dis-hekimligi\/\",\"url\":\"https:\/\/dtburakanilsarp.com\/tr\/cocuk-dis-hekimligi\/\",\"name\":\"\u00c7ocuk Di\u015f Hekimli\u011fi - Dt. Burak An\u0131l SARP\",\"isPartOf\":{\"@id\":\"https:\/\/dtburakanilsarp.com\/tr\/#website\"},\"datePublished\":\"2024-11-06T10:42:09+00:00\",\"dateModified\":\"2024-11-06T10:42:11+00:00\",\"breadcrumb\":{\"@id\":\"https:\/\/dtburakanilsarp.com\/tr\/cocuk-dis-hekimligi\/#breadcrumb\"},\"inLanguage\":\"tr\",\"potentialAction\":[{\"@type\":\"ReadAction\",\"target\":[\"https:\/\/dtburakanilsarp.com\/tr\/cocuk-dis-hekimligi\/\"]}]},{\"@type\":\"BreadcrumbList\",\"@id\":\"https:\/\/dtburakanilsarp.com\/tr\/cocuk-dis-hekimligi\/#breadcrumb\",\"itemListElement\":[{\"@type\":\"ListItem\",\"position\":1,\"name\":\"Ana sayfa\",\"item\":\"https:\/\/dtburakanilsarp.com\/tr\/\"},{\"@type\":\"ListItem\",\"position\":2,\"name\":\"\u00c7ocuk Di\u015f Hekimli\u011fi\"}]},{\"@type\":\"WebSite\",\"@id\":\"https:\/\/dtburakanilsarp.com\/tr\/#website\",\"url\":\"https:\/\/dtburakanilsarp.com\/tr\/\",\"name\":\"Dt. Burak An\u0131l SARP\",\"description\":\"\",\"potentialAction\":[{\"@type\":\"SearchAction\",\"target\":{\"@type\":\"EntryPoint\",\"urlTemplate\":\"https:\/\/dtburakanilsarp.com\/tr\/?s={search_term_string}\"},\"query-input\":{\"@type\":\"PropertyValueSpecification\",\"valueRequired\":true,\"valueName\":\"search_term_string\"}}],\"inLanguage\":\"tr\"}]}<\/script>\n<!-- \/ Yoast SEO plugin. -->","yoast_head_json":{"title":"\u00c7ocuk Di\u015f Hekimli\u011fi - Dt. Burak An\u0131l SARP","robots":{"index":"index","follow":"follow","max-snippet":"max-snippet:-1","max-image-preview":"max-image-preview:large","max-video-preview":"max-video-preview:-1"},"canonical":"https:\/\/dtburakanilsarp.com\/tr\/cocuk-dis-hekimligi\/","og_locale":"tr_TR","og_type":"article","og_title":"\u00c7ocuk Di\u015f Hekimli\u011fi - Dt. Burak An\u0131l SARP","og_description":"\u00c7ocuk di\u015f hekimli\u011fi, \u00e7ocuklarda di\u015f sa\u011fl\u0131\u011f\u0131 konusunda muayene ve tedaviyle ilgilenen, di\u015f hekimli\u011finin bir anabilim dal\u0131d\u0131r. Bu muayene ve tedavi s\u00fcreci bebeklikten ba\u015flayarak ergenlik d\u00f6nemine kadar [\u2026]","og_url":"https:\/\/dtburakanilsarp.com\/tr\/cocuk-dis-hekimligi\/","og_site_name":"Dt. Burak An\u0131l SARP","article_modified_time":"2024-11-06T10:42:11+00:00","twitter_card":"summary_large_image","twitter_misc":{"Tahmini okuma s\u00fcresi":"1 dakika"},"schema":{"@context":"https:\/\/schema.org","@graph":[{"@type":"WebPage","@id":"https:\/\/dtburakanilsarp.com\/tr\/cocuk-dis-hekimligi\/","url":"https:\/\/dtburakanilsarp.com\/tr\/cocuk-dis-hekimligi\/","name":"\u00c7ocuk Di\u015f Hekimli\u011fi - Dt. Burak An\u0131l SARP","isPartOf":{"@id":"https:\/\/dtburakanilsarp.com\/tr\/#website"},"datePublished":"2024-11-06T10:42:09+00:00","dateModified":"2024-11-06T10:42:11+00:00","breadcrumb":{"@id":"https:\/\/dtburakanilsarp.com\/tr\/cocuk-dis-hekimligi\/#breadcrumb"},"inLanguage":"tr","potentialAction":[{"@type":"ReadAction","target":["https:\/\/dtburakanilsarp.com\/tr\/cocuk-dis-hekimligi\/"]}]},{"@type":"BreadcrumbList","@id":"https:\/\/dtburakanilsarp.com\/tr\/cocuk-dis-hekimligi\/#breadcrumb","itemListElement":[{"@type":"ListItem","position":1,"name":"Ana sayfa","item":"https:\/\/dtburakanilsarp.com\/tr\/"},{"@type":"ListItem","position":2,"name":"\u00c7ocuk Di\u015f Hekimli\u011fi"}]},{"@type":"WebSite","@id":"https:\/\/dtburakanilsarp.com\/tr\/#website","url":"https:\/\/dtburakanilsarp.com\/tr\/","name":"Dt. Burak An\u0131l SARP","description":"","potentialAction":[{"@type":"SearchAction","target":{"@type":"EntryPoint","urlTemplate":"https:\/\/dtburakanilsarp.com\/tr\/?s={search_term_string}"},"query-input":{"@type":"PropertyValueSpecification","valueRequired":true,"valueName":"search_term_string"}}],"inLanguage":"tr"}]}},"_links":{"self":[{"href":"https:\/\/dtburakanilsarp.com\/tr\/wp-json\/wp\/v2\/pages\/832","targetHints":{"allow":["GET"]}}],"collection":[{"href":"https:\/\/dtburakanilsarp.com\/tr\/wp-json\/wp\/v2\/pages"}],"about":[{"href":"https:\/\/dtburakanilsarp.com\/tr\/wp-json\/wp\/v2\/types\/page"}],"author":[{"embeddable":true,"href":"https:\/\/dtburakanilsarp.com\/tr\/wp-json\/wp\/v2\/users\/1"}],"replies":[{"embeddable":true,"href":"https:\/\/dtburakanilsarp.com\/tr\/wp-json\/wp\/v2\/comments?post=832"}],"version-history":[{"count":1,"href":"https:\/\/dtburakanilsarp.com\/tr\/wp-json\/wp\/v2\/pages\/832\/revisions"}],"predecessor-version":[{"id":833,"href":"https:\/\/dtburakanilsarp.com\/tr\/wp-json\/wp\/v2\/pages\/832\/revisions\/833"}],"wp:attachment":[{"href":"https:\/\/dtburakanilsarp.com\/tr\/wp-json\/wp\/v2\/media?parent=832"}],"curies":[{"name":"wp","href":"https:\/\/api.w.org\/{rel}","templated":true}]}}