{"id":834,"date":"2024-11-06T10:42:53","date_gmt":"2024-11-06T10:42:53","guid":{"rendered":"https:\/\/dtburakanilsarp.com\/tr\/?page_id=834"},"modified":"2024-11-06T10:42:55","modified_gmt":"2024-11-06T10:42:55","slug":"kanal-tedavisi-endodonti","status":"publish","type":"page","link":"https:\/\/dtburakanilsarp.com\/tr\/kanal-tedavisi-endodonti\/","title":{"rendered":"Kanal Tedavisi (Endodonti)"},"content":{"rendered":"\n<p>Kanal tedavisi, problemli di\u015fi kurtarmak ve di\u015f a\u011fr\u0131s\u0131n\u0131 durdurmak i\u00e7in yap\u0131lan, genellikle basit bir i\u015flemdir. Pulpan\u0131n (di\u015f sinir dokusu) \u00e7\u00fcr\u00fcme ya da travma gibi sebeplerle iltihaplanmas\u0131 sonucunda, pulpa dokusunun di\u015ften temizlenmesi ve k\u00f6k kanal\u0131 bo\u015flu\u011funun temizlenmesi, \u015fekillendirilmesi ve dokuyla uyumlu dolguyla doldurulmas\u0131 gerekmektedir. Kanal tedavisi son y\u0131llarda ilerleyen teknolojiyle \u00e7ok daha kolay bir hale gelmi\u015ftir.<\/p>\n","protected":false},"excerpt":{"rendered":"<p>Kanal tedavisi, problemli di\u015fi kurtarmak ve di\u015f a\u011fr\u0131s\u0131n\u0131 durdurmak i\u00e7in yap\u0131lan, genellikle basit bir i\u015flemdir. Pulpan\u0131n (di\u015f sinir dokusu) \u00e7\u00fcr\u00fcme ya da travma gibi sebeplerle iltihaplanmas\u0131<span class=\"excerpt-hellip\"> [\u2026]<\/span><\/p>\n","protected":false},"author":1,"featured_media":0,"parent":0,"menu_order":0,"comment_status":"closed","ping_status":"closed","template":"","meta":{"footnotes":""},"class_list":["post-834","page","type-page","status-publish","hentry"],"yoast_head":"<!-- This site is optimized with the Yoast SEO plugin v26.2 - https:\/\/yoast.com\/wordpress\/plugins\/seo\/ -->\n<title>Kanal Tedavisi (Endodonti) - Dt. Burak An\u0131l SARP<\/title>\n<meta name=\"robots\" content=\"index, follow, max-snippet:-1, max-image-preview:large, max-video-preview:-1\" \/>\n<link rel=\"canonical\" href=\"https:\/\/dtburakanilsarp.com\/tr\/kanal-tedavisi-endodonti\/\" \/>\n<meta property=\"og:locale\" content=\"tr_TR\" \/>\n<meta property=\"og:type\" content=\"article\" \/>\n<meta property=\"og:title\" content=\"Kanal Tedavisi (Endodonti) - Dt. Burak An\u0131l SARP\" \/>\n<meta property=\"og:description\" content=\"Kanal tedavisi, problemli di\u015fi kurtarmak ve di\u015f a\u011fr\u0131s\u0131n\u0131 durdurmak i\u00e7in yap\u0131lan, genellikle basit bir i\u015flemdir. Pulpan\u0131n (di\u015f sinir dokusu) \u00e7\u00fcr\u00fcme ya da travma gibi sebeplerle iltihaplanmas\u0131 [\u2026]\" \/>\n<meta property=\"og:url\" content=\"https:\/\/dtburakanilsarp.com\/tr\/kanal-tedavisi-endodonti\/\" \/>\n<meta property=\"og:site_name\" content=\"Dt. Burak An\u0131l SARP\" \/>\n<meta property=\"article:modified_time\" content=\"2024-11-06T10:42:55+00:00\" \/>\n<meta name=\"twitter:card\" content=\"summary_large_image\" \/>\n<meta name=\"twitter:label1\" content=\"Tahmini okuma s\u00fcresi\" \/>\n\t<meta name=\"twitter:data1\" content=\"1 dakika\" \/>\n<script type=\"application\/ld+json\" class=\"yoast-schema-graph\">{\"@context\":\"https:\/\/schema.org\",\"@graph\":[{\"@type\":\"WebPage\",\"@id\":\"https:\/\/dtburakanilsarp.com\/tr\/kanal-tedavisi-endodonti\/\",\"url\":\"https:\/\/dtburakanilsarp.com\/tr\/kanal-tedavisi-endodonti\/\",\"name\":\"Kanal Tedavisi (Endodonti) - Dt. Burak An\u0131l SARP\",\"isPartOf\":{\"@id\":\"https:\/\/dtburakanilsarp.com\/tr\/#website\"},\"datePublished\":\"2024-11-06T10:42:53+00:00\",\"dateModified\":\"2024-11-06T10:42:55+00:00\",\"breadcrumb\":{\"@id\":\"https:\/\/dtburakanilsarp.com\/tr\/kanal-tedavisi-endodonti\/#breadcrumb\"},\"inLanguage\":\"tr\",\"potentialAction\":[{\"@type\":\"ReadAction\",\"target\":[\"https:\/\/dtburakanilsarp.com\/tr\/kanal-tedavisi-endodonti\/\"]}]},{\"@type\":\"BreadcrumbList\",\"@id\":\"https:\/\/dtburakanilsarp.com\/tr\/kanal-tedavisi-endodonti\/#breadcrumb\",\"itemListElement\":[{\"@type\":\"ListItem\",\"position\":1,\"name\":\"Ana sayfa\",\"item\":\"https:\/\/dtburakanilsarp.com\/tr\/\"},{\"@type\":\"ListItem\",\"position\":2,\"name\":\"Kanal Tedavisi (Endodonti)\"}]},{\"@type\":\"WebSite\",\"@id\":\"https:\/\/dtburakanilsarp.com\/tr\/#website\",\"url\":\"https:\/\/dtburakanilsarp.com\/tr\/\",\"name\":\"Dt. Burak An\u0131l SARP\",\"description\":\"\",\"potentialAction\":[{\"@type\":\"SearchAction\",\"target\":{\"@type\":\"EntryPoint\",\"urlTemplate\":\"https:\/\/dtburakanilsarp.com\/tr\/?s={search_term_string}\"},\"query-input\":{\"@type\":\"PropertyValueSpecification\",\"valueRequired\":true,\"valueName\":\"search_term_string\"}}],\"inLanguage\":\"tr\"}]}<\/script>\n<!-- \/ Yoast SEO plugin. -->","yoast_head_json":{"title":"Kanal Tedavisi (Endodonti) - Dt. Burak An\u0131l SARP","robots":{"index":"index","follow":"follow","max-snippet":"max-snippet:-1","max-image-preview":"max-image-preview:large","max-video-preview":"max-video-preview:-1"},"canonical":"https:\/\/dtburakanilsarp.com\/tr\/kanal-tedavisi-endodonti\/","og_locale":"tr_TR","og_type":"article","og_title":"Kanal Tedavisi (Endodonti) - Dt. Burak An\u0131l SARP","og_description":"Kanal tedavisi, problemli di\u015fi kurtarmak ve di\u015f a\u011fr\u0131s\u0131n\u0131 durdurmak i\u00e7in yap\u0131lan, genellikle basit bir i\u015flemdir. Pulpan\u0131n (di\u015f sinir dokusu) \u00e7\u00fcr\u00fcme ya da travma gibi sebeplerle iltihaplanmas\u0131 [\u2026]","og_url":"https:\/\/dtburakanilsarp.com\/tr\/kanal-tedavisi-endodonti\/","og_site_name":"Dt. Burak An\u0131l SARP","article_modified_time":"2024-11-06T10:42:55+00:00","twitter_card":"summary_large_image","twitter_misc":{"Tahmini okuma s\u00fcresi":"1 dakika"},"schema":{"@context":"https:\/\/schema.org","@graph":[{"@type":"WebPage","@id":"https:\/\/dtburakanilsarp.com\/tr\/kanal-tedavisi-endodonti\/","url":"https:\/\/dtburakanilsarp.com\/tr\/kanal-tedavisi-endodonti\/","name":"Kanal Tedavisi (Endodonti) - Dt. Burak An\u0131l SARP","isPartOf":{"@id":"https:\/\/dtburakanilsarp.com\/tr\/#website"},"datePublished":"2024-11-06T10:42:53+00:00","dateModified":"2024-11-06T10:42:55+00:00","breadcrumb":{"@id":"https:\/\/dtburakanilsarp.com\/tr\/kanal-tedavisi-endodonti\/#breadcrumb"},"inLanguage":"tr","potentialAction":[{"@type":"ReadAction","target":["https:\/\/dtburakanilsarp.com\/tr\/kanal-tedavisi-endodonti\/"]}]},{"@type":"BreadcrumbList","@id":"https:\/\/dtburakanilsarp.com\/tr\/kanal-tedavisi-endodonti\/#breadcrumb","itemListElement":[{"@type":"ListItem","position":1,"name":"Ana sayfa","item":"https:\/\/dtburakanilsarp.com\/tr\/"},{"@type":"ListItem","position":2,"name":"Kanal Tedavisi (Endodonti)"}]},{"@type":"WebSite","@id":"https:\/\/dtburakanilsarp.com\/tr\/#website","url":"https:\/\/dtburakanilsarp.com\/tr\/","name":"Dt. Burak An\u0131l SARP","description":"","potentialAction":[{"@type":"SearchAction","target":{"@type":"EntryPoint","urlTemplate":"https:\/\/dtburakanilsarp.com\/tr\/?s={search_term_string}"},"query-input":{"@type":"PropertyValueSpecification","valueRequired":true,"valueName":"search_term_string"}}],"inLanguage":"tr"}]}},"_links":{"self":[{"href":"https:\/\/dtburakanilsarp.com\/tr\/wp-json\/wp\/v2\/pages\/834","targetHints":{"allow":["GET"]}}],"collection":[{"href":"https:\/\/dtburakanilsarp.com\/tr\/wp-json\/wp\/v2\/pages"}],"about":[{"href":"https:\/\/dtburakanilsarp.com\/tr\/wp-json\/wp\/v2\/types\/page"}],"author":[{"embeddable":true,"href":"https:\/\/dtburakanilsarp.com\/tr\/wp-json\/wp\/v2\/users\/1"}],"replies":[{"embeddable":true,"href":"https:\/\/dtburakanilsarp.com\/tr\/wp-json\/wp\/v2\/comments?post=834"}],"version-history":[{"count":1,"href":"https:\/\/dtburakanilsarp.com\/tr\/wp-json\/wp\/v2\/pages\/834\/revisions"}],"predecessor-version":[{"id":835,"href":"https:\/\/dtburakanilsarp.com\/tr\/wp-json\/wp\/v2\/pages\/834\/revisions\/835"}],"wp:attachment":[{"href":"https:\/\/dtburakanilsarp.com\/tr\/wp-json\/wp\/v2\/media?parent=834"}],"curies":[{"name":"wp","href":"https:\/\/api.w.org\/{rel}","templated":true}]}}