{"id":836,"date":"2024-11-06T10:43:26","date_gmt":"2024-11-06T10:43:26","guid":{"rendered":"https:\/\/dtburakanilsarp.com\/tr\/?page_id=836"},"modified":"2024-11-06T10:43:28","modified_gmt":"2024-11-06T10:43:28","slug":"protetik-dis-tedavisi","status":"publish","type":"page","link":"https:\/\/dtburakanilsarp.com\/tr\/protetik-dis-tedavisi\/","title":{"rendered":"Protetik Di\u015f Tedavisi"},"content":{"rendered":"\n<p>Di\u015f\/di\u015fler ve a\u011f\u0131z dokular\u0131 belirli sebepler nedeniyle yitirilebilir. Protetik di\u015f tedavisi, d\u00fc\u015fen di\u015flerin yerine ge\u00e7er. Kal\u0131c\u0131 protezler, hastan\u0131n kendi di\u015flerine ya da di\u015f implantlar\u0131na kal\u0131c\u0131 olarak sabitlenen kaplamalar ve k\u00f6pr\u00fclerden olu\u015fur. Ayr\u0131labilir takma di\u015fler ise tak\u0131l\u0131p \u00e7\u0131kar\u0131labilir.<\/p>\n","protected":false},"excerpt":{"rendered":"<p>Di\u015f\/di\u015fler ve a\u011f\u0131z dokular\u0131 belirli sebepler nedeniyle yitirilebilir. Protetik di\u015f tedavisi, d\u00fc\u015fen di\u015flerin yerine ge\u00e7er. Kal\u0131c\u0131 protezler, hastan\u0131n kendi di\u015flerine ya da di\u015f implantlar\u0131na kal\u0131c\u0131 olarak<span class=\"excerpt-hellip\"> [\u2026]<\/span><\/p>\n","protected":false},"author":1,"featured_media":0,"parent":0,"menu_order":0,"comment_status":"closed","ping_status":"closed","template":"","meta":{"footnotes":""},"class_list":["post-836","page","type-page","status-publish","hentry"],"yoast_head":"<!-- This site is optimized with the Yoast SEO plugin v26.2 - https:\/\/yoast.com\/wordpress\/plugins\/seo\/ -->\n<title>Protetik Di\u015f Tedavisi - Dt. Burak An\u0131l SARP<\/title>\n<meta name=\"robots\" content=\"index, follow, max-snippet:-1, max-image-preview:large, max-video-preview:-1\" \/>\n<link rel=\"canonical\" href=\"https:\/\/dtburakanilsarp.com\/tr\/protetik-dis-tedavisi\/\" \/>\n<meta property=\"og:locale\" content=\"tr_TR\" \/>\n<meta property=\"og:type\" content=\"article\" \/>\n<meta property=\"og:title\" content=\"Protetik Di\u015f Tedavisi - Dt. Burak An\u0131l SARP\" \/>\n<meta property=\"og:description\" content=\"Di\u015f\/di\u015fler ve a\u011f\u0131z dokular\u0131 belirli sebepler nedeniyle yitirilebilir. Protetik di\u015f tedavisi, d\u00fc\u015fen di\u015flerin yerine ge\u00e7er. Kal\u0131c\u0131 protezler, hastan\u0131n kendi di\u015flerine ya da di\u015f implantlar\u0131na kal\u0131c\u0131 olarak [\u2026]\" \/>\n<meta property=\"og:url\" content=\"https:\/\/dtburakanilsarp.com\/tr\/protetik-dis-tedavisi\/\" \/>\n<meta property=\"og:site_name\" content=\"Dt. Burak An\u0131l SARP\" \/>\n<meta property=\"article:modified_time\" content=\"2024-11-06T10:43:28+00:00\" \/>\n<meta name=\"twitter:card\" content=\"summary_large_image\" \/>\n<meta name=\"twitter:label1\" content=\"Tahmini okuma s\u00fcresi\" \/>\n\t<meta name=\"twitter:data1\" content=\"1 dakika\" \/>\n<script type=\"application\/ld+json\" class=\"yoast-schema-graph\">{\"@context\":\"https:\/\/schema.org\",\"@graph\":[{\"@type\":\"WebPage\",\"@id\":\"https:\/\/dtburakanilsarp.com\/tr\/protetik-dis-tedavisi\/\",\"url\":\"https:\/\/dtburakanilsarp.com\/tr\/protetik-dis-tedavisi\/\",\"name\":\"Protetik Di\u015f Tedavisi - Dt. Burak An\u0131l SARP\",\"isPartOf\":{\"@id\":\"https:\/\/dtburakanilsarp.com\/tr\/#website\"},\"datePublished\":\"2024-11-06T10:43:26+00:00\",\"dateModified\":\"2024-11-06T10:43:28+00:00\",\"breadcrumb\":{\"@id\":\"https:\/\/dtburakanilsarp.com\/tr\/protetik-dis-tedavisi\/#breadcrumb\"},\"inLanguage\":\"tr\",\"potentialAction\":[{\"@type\":\"ReadAction\",\"target\":[\"https:\/\/dtburakanilsarp.com\/tr\/protetik-dis-tedavisi\/\"]}]},{\"@type\":\"BreadcrumbList\",\"@id\":\"https:\/\/dtburakanilsarp.com\/tr\/protetik-dis-tedavisi\/#breadcrumb\",\"itemListElement\":[{\"@type\":\"ListItem\",\"position\":1,\"name\":\"Ana sayfa\",\"item\":\"https:\/\/dtburakanilsarp.com\/tr\/\"},{\"@type\":\"ListItem\",\"position\":2,\"name\":\"Protetik Di\u015f Tedavisi\"}]},{\"@type\":\"WebSite\",\"@id\":\"https:\/\/dtburakanilsarp.com\/tr\/#website\",\"url\":\"https:\/\/dtburakanilsarp.com\/tr\/\",\"name\":\"Dt. Burak An\u0131l SARP\",\"description\":\"\",\"potentialAction\":[{\"@type\":\"SearchAction\",\"target\":{\"@type\":\"EntryPoint\",\"urlTemplate\":\"https:\/\/dtburakanilsarp.com\/tr\/?s={search_term_string}\"},\"query-input\":{\"@type\":\"PropertyValueSpecification\",\"valueRequired\":true,\"valueName\":\"search_term_string\"}}],\"inLanguage\":\"tr\"}]}<\/script>\n<!-- \/ Yoast SEO plugin. -->","yoast_head_json":{"title":"Protetik Di\u015f Tedavisi - Dt. Burak An\u0131l SARP","robots":{"index":"index","follow":"follow","max-snippet":"max-snippet:-1","max-image-preview":"max-image-preview:large","max-video-preview":"max-video-preview:-1"},"canonical":"https:\/\/dtburakanilsarp.com\/tr\/protetik-dis-tedavisi\/","og_locale":"tr_TR","og_type":"article","og_title":"Protetik Di\u015f Tedavisi - Dt. Burak An\u0131l SARP","og_description":"Di\u015f\/di\u015fler ve a\u011f\u0131z dokular\u0131 belirli sebepler nedeniyle yitirilebilir. Protetik di\u015f tedavisi, d\u00fc\u015fen di\u015flerin yerine ge\u00e7er. Kal\u0131c\u0131 protezler, hastan\u0131n kendi di\u015flerine ya da di\u015f implantlar\u0131na kal\u0131c\u0131 olarak [\u2026]","og_url":"https:\/\/dtburakanilsarp.com\/tr\/protetik-dis-tedavisi\/","og_site_name":"Dt. Burak An\u0131l SARP","article_modified_time":"2024-11-06T10:43:28+00:00","twitter_card":"summary_large_image","twitter_misc":{"Tahmini okuma s\u00fcresi":"1 dakika"},"schema":{"@context":"https:\/\/schema.org","@graph":[{"@type":"WebPage","@id":"https:\/\/dtburakanilsarp.com\/tr\/protetik-dis-tedavisi\/","url":"https:\/\/dtburakanilsarp.com\/tr\/protetik-dis-tedavisi\/","name":"Protetik Di\u015f Tedavisi - Dt. Burak An\u0131l SARP","isPartOf":{"@id":"https:\/\/dtburakanilsarp.com\/tr\/#website"},"datePublished":"2024-11-06T10:43:26+00:00","dateModified":"2024-11-06T10:43:28+00:00","breadcrumb":{"@id":"https:\/\/dtburakanilsarp.com\/tr\/protetik-dis-tedavisi\/#breadcrumb"},"inLanguage":"tr","potentialAction":[{"@type":"ReadAction","target":["https:\/\/dtburakanilsarp.com\/tr\/protetik-dis-tedavisi\/"]}]},{"@type":"BreadcrumbList","@id":"https:\/\/dtburakanilsarp.com\/tr\/protetik-dis-tedavisi\/#breadcrumb","itemListElement":[{"@type":"ListItem","position":1,"name":"Ana sayfa","item":"https:\/\/dtburakanilsarp.com\/tr\/"},{"@type":"ListItem","position":2,"name":"Protetik Di\u015f Tedavisi"}]},{"@type":"WebSite","@id":"https:\/\/dtburakanilsarp.com\/tr\/#website","url":"https:\/\/dtburakanilsarp.com\/tr\/","name":"Dt. Burak An\u0131l SARP","description":"","potentialAction":[{"@type":"SearchAction","target":{"@type":"EntryPoint","urlTemplate":"https:\/\/dtburakanilsarp.com\/tr\/?s={search_term_string}"},"query-input":{"@type":"PropertyValueSpecification","valueRequired":true,"valueName":"search_term_string"}}],"inLanguage":"tr"}]}},"_links":{"self":[{"href":"https:\/\/dtburakanilsarp.com\/tr\/wp-json\/wp\/v2\/pages\/836","targetHints":{"allow":["GET"]}}],"collection":[{"href":"https:\/\/dtburakanilsarp.com\/tr\/wp-json\/wp\/v2\/pages"}],"about":[{"href":"https:\/\/dtburakanilsarp.com\/tr\/wp-json\/wp\/v2\/types\/page"}],"author":[{"embeddable":true,"href":"https:\/\/dtburakanilsarp.com\/tr\/wp-json\/wp\/v2\/users\/1"}],"replies":[{"embeddable":true,"href":"https:\/\/dtburakanilsarp.com\/tr\/wp-json\/wp\/v2\/comments?post=836"}],"version-history":[{"count":1,"href":"https:\/\/dtburakanilsarp.com\/tr\/wp-json\/wp\/v2\/pages\/836\/revisions"}],"predecessor-version":[{"id":837,"href":"https:\/\/dtburakanilsarp.com\/tr\/wp-json\/wp\/v2\/pages\/836\/revisions\/837"}],"wp:attachment":[{"href":"https:\/\/dtburakanilsarp.com\/tr\/wp-json\/wp\/v2\/media?parent=836"}],"curies":[{"name":"wp","href":"https:\/\/api.w.org\/{rel}","templated":true}]}}