{"id":838,"date":"2024-11-06T10:43:57","date_gmt":"2024-11-06T10:43:57","guid":{"rendered":"https:\/\/dtburakanilsarp.com\/tr\/?page_id=838"},"modified":"2024-11-06T10:43:59","modified_gmt":"2024-11-06T10:43:59","slug":"dis-cekimi","status":"publish","type":"page","link":"https:\/\/dtburakanilsarp.com\/tr\/dis-cekimi\/","title":{"rendered":"Di\u015f \u00c7ekimi"},"content":{"rendered":"\n<p>Olduk\u00e7a ilerlemi\u015f di\u015f \u00e7\u00fcr\u00fckleri, iltihap ve \u00e7eneye s\u0131\u011fmayan di\u015fler, di\u015f \u00e7ekimini gerekli k\u0131labilir. Ortodontik tedavilerde zaman zaman \u00e7enede yer a\u00e7mak i\u00e7in bir ya da birden fazla di\u015fin \u00e7ekilmesi gerekebilir. Bazen g\u00f6m\u00fcl\u00fc yirmilik di\u015fler (yerinde s\u0131k\u0131\u015fm\u0131\u015f ve a\u011f\u0131z i\u00e7inde normal olarak geli\u015femeyen yirmilik di\u015fler) di\u015feti i\u00e7inde tekrarlayan iltihaplara sebep verebilir ve di\u011fer koruyucu tedaviler yetmeyince \u00e7ekilebilir<\/p>\n","protected":false},"excerpt":{"rendered":"<p>Olduk\u00e7a ilerlemi\u015f di\u015f \u00e7\u00fcr\u00fckleri, iltihap ve \u00e7eneye s\u0131\u011fmayan di\u015fler, di\u015f \u00e7ekimini gerekli k\u0131labilir. Ortodontik tedavilerde zaman zaman \u00e7enede yer a\u00e7mak i\u00e7in bir ya da birden fazla<span class=\"excerpt-hellip\"> [\u2026]<\/span><\/p>\n","protected":false},"author":1,"featured_media":0,"parent":0,"menu_order":0,"comment_status":"closed","ping_status":"closed","template":"","meta":{"footnotes":""},"class_list":["post-838","page","type-page","status-publish","hentry"],"yoast_head":"<!-- This site is optimized with the Yoast SEO plugin v26.2 - https:\/\/yoast.com\/wordpress\/plugins\/seo\/ -->\n<title>Di\u015f \u00c7ekimi - Dt. Burak An\u0131l SARP<\/title>\n<meta name=\"robots\" content=\"index, follow, max-snippet:-1, max-image-preview:large, max-video-preview:-1\" \/>\n<link rel=\"canonical\" href=\"https:\/\/dtburakanilsarp.com\/tr\/dis-cekimi\/\" \/>\n<meta property=\"og:locale\" content=\"tr_TR\" \/>\n<meta property=\"og:type\" content=\"article\" \/>\n<meta property=\"og:title\" content=\"Di\u015f \u00c7ekimi - Dt. Burak An\u0131l SARP\" \/>\n<meta property=\"og:description\" content=\"Olduk\u00e7a ilerlemi\u015f di\u015f \u00e7\u00fcr\u00fckleri, iltihap ve \u00e7eneye s\u0131\u011fmayan di\u015fler, di\u015f \u00e7ekimini gerekli k\u0131labilir. Ortodontik tedavilerde zaman zaman \u00e7enede yer a\u00e7mak i\u00e7in bir ya da birden fazla [\u2026]\" \/>\n<meta property=\"og:url\" content=\"https:\/\/dtburakanilsarp.com\/tr\/dis-cekimi\/\" \/>\n<meta property=\"og:site_name\" content=\"Dt. Burak An\u0131l SARP\" \/>\n<meta property=\"article:modified_time\" content=\"2024-11-06T10:43:59+00:00\" \/>\n<meta name=\"twitter:card\" content=\"summary_large_image\" \/>\n<script type=\"application\/ld+json\" class=\"yoast-schema-graph\">{\"@context\":\"https:\/\/schema.org\",\"@graph\":[{\"@type\":\"WebPage\",\"@id\":\"https:\/\/dtburakanilsarp.com\/tr\/dis-cekimi\/\",\"url\":\"https:\/\/dtburakanilsarp.com\/tr\/dis-cekimi\/\",\"name\":\"Di\u015f \u00c7ekimi - Dt. Burak An\u0131l SARP\",\"isPartOf\":{\"@id\":\"https:\/\/dtburakanilsarp.com\/tr\/#website\"},\"datePublished\":\"2024-11-06T10:43:57+00:00\",\"dateModified\":\"2024-11-06T10:43:59+00:00\",\"breadcrumb\":{\"@id\":\"https:\/\/dtburakanilsarp.com\/tr\/dis-cekimi\/#breadcrumb\"},\"inLanguage\":\"tr\",\"potentialAction\":[{\"@type\":\"ReadAction\",\"target\":[\"https:\/\/dtburakanilsarp.com\/tr\/dis-cekimi\/\"]}]},{\"@type\":\"BreadcrumbList\",\"@id\":\"https:\/\/dtburakanilsarp.com\/tr\/dis-cekimi\/#breadcrumb\",\"itemListElement\":[{\"@type\":\"ListItem\",\"position\":1,\"name\":\"Ana sayfa\",\"item\":\"https:\/\/dtburakanilsarp.com\/tr\/\"},{\"@type\":\"ListItem\",\"position\":2,\"name\":\"Di\u015f \u00c7ekimi\"}]},{\"@type\":\"WebSite\",\"@id\":\"https:\/\/dtburakanilsarp.com\/tr\/#website\",\"url\":\"https:\/\/dtburakanilsarp.com\/tr\/\",\"name\":\"Dt. Burak An\u0131l SARP\",\"description\":\"\",\"potentialAction\":[{\"@type\":\"SearchAction\",\"target\":{\"@type\":\"EntryPoint\",\"urlTemplate\":\"https:\/\/dtburakanilsarp.com\/tr\/?s={search_term_string}\"},\"query-input\":{\"@type\":\"PropertyValueSpecification\",\"valueRequired\":true,\"valueName\":\"search_term_string\"}}],\"inLanguage\":\"tr\"}]}<\/script>\n<!-- \/ Yoast SEO plugin. -->","yoast_head_json":{"title":"Di\u015f \u00c7ekimi - Dt. Burak An\u0131l SARP","robots":{"index":"index","follow":"follow","max-snippet":"max-snippet:-1","max-image-preview":"max-image-preview:large","max-video-preview":"max-video-preview:-1"},"canonical":"https:\/\/dtburakanilsarp.com\/tr\/dis-cekimi\/","og_locale":"tr_TR","og_type":"article","og_title":"Di\u015f \u00c7ekimi - Dt. Burak An\u0131l SARP","og_description":"Olduk\u00e7a ilerlemi\u015f di\u015f \u00e7\u00fcr\u00fckleri, iltihap ve \u00e7eneye s\u0131\u011fmayan di\u015fler, di\u015f \u00e7ekimini gerekli k\u0131labilir. Ortodontik tedavilerde zaman zaman \u00e7enede yer a\u00e7mak i\u00e7in bir ya da birden fazla [\u2026]","og_url":"https:\/\/dtburakanilsarp.com\/tr\/dis-cekimi\/","og_site_name":"Dt. Burak An\u0131l SARP","article_modified_time":"2024-11-06T10:43:59+00:00","twitter_card":"summary_large_image","schema":{"@context":"https:\/\/schema.org","@graph":[{"@type":"WebPage","@id":"https:\/\/dtburakanilsarp.com\/tr\/dis-cekimi\/","url":"https:\/\/dtburakanilsarp.com\/tr\/dis-cekimi\/","name":"Di\u015f \u00c7ekimi - Dt. Burak An\u0131l SARP","isPartOf":{"@id":"https:\/\/dtburakanilsarp.com\/tr\/#website"},"datePublished":"2024-11-06T10:43:57+00:00","dateModified":"2024-11-06T10:43:59+00:00","breadcrumb":{"@id":"https:\/\/dtburakanilsarp.com\/tr\/dis-cekimi\/#breadcrumb"},"inLanguage":"tr","potentialAction":[{"@type":"ReadAction","target":["https:\/\/dtburakanilsarp.com\/tr\/dis-cekimi\/"]}]},{"@type":"BreadcrumbList","@id":"https:\/\/dtburakanilsarp.com\/tr\/dis-cekimi\/#breadcrumb","itemListElement":[{"@type":"ListItem","position":1,"name":"Ana sayfa","item":"https:\/\/dtburakanilsarp.com\/tr\/"},{"@type":"ListItem","position":2,"name":"Di\u015f \u00c7ekimi"}]},{"@type":"WebSite","@id":"https:\/\/dtburakanilsarp.com\/tr\/#website","url":"https:\/\/dtburakanilsarp.com\/tr\/","name":"Dt. Burak An\u0131l SARP","description":"","potentialAction":[{"@type":"SearchAction","target":{"@type":"EntryPoint","urlTemplate":"https:\/\/dtburakanilsarp.com\/tr\/?s={search_term_string}"},"query-input":{"@type":"PropertyValueSpecification","valueRequired":true,"valueName":"search_term_string"}}],"inLanguage":"tr"}]}},"_links":{"self":[{"href":"https:\/\/dtburakanilsarp.com\/tr\/wp-json\/wp\/v2\/pages\/838","targetHints":{"allow":["GET"]}}],"collection":[{"href":"https:\/\/dtburakanilsarp.com\/tr\/wp-json\/wp\/v2\/pages"}],"about":[{"href":"https:\/\/dtburakanilsarp.com\/tr\/wp-json\/wp\/v2\/types\/page"}],"author":[{"embeddable":true,"href":"https:\/\/dtburakanilsarp.com\/tr\/wp-json\/wp\/v2\/users\/1"}],"replies":[{"embeddable":true,"href":"https:\/\/dtburakanilsarp.com\/tr\/wp-json\/wp\/v2\/comments?post=838"}],"version-history":[{"count":1,"href":"https:\/\/dtburakanilsarp.com\/tr\/wp-json\/wp\/v2\/pages\/838\/revisions"}],"predecessor-version":[{"id":839,"href":"https:\/\/dtburakanilsarp.com\/tr\/wp-json\/wp\/v2\/pages\/838\/revisions\/839"}],"wp:attachment":[{"href":"https:\/\/dtburakanilsarp.com\/tr\/wp-json\/wp\/v2\/media?parent=838"}],"curies":[{"name":"wp","href":"https:\/\/api.w.org\/{rel}","templated":true}]}}