{"id":842,"date":"2024-11-06T10:45:22","date_gmt":"2024-11-06T10:45:22","guid":{"rendered":"https:\/\/dtburakanilsarp.com\/tr\/?page_id=842"},"modified":"2024-11-06T10:45:25","modified_gmt":"2024-11-06T10:45:25","slug":"periodontoloji","status":"publish","type":"page","link":"https:\/\/dtburakanilsarp.com\/tr\/periodontoloji\/","title":{"rendered":"Periodontoloji"},"content":{"rendered":"\n<p>Periodonti, di\u015flerin etraf\u0131nda bulunan, di\u015fetleri, \u00e7ene kemikleri, di\u015fleri \u00e7ene kemiklerine ba\u011flayan ve sabitleyen sement ve periodontal ligamentten olu\u015fan destek yap\u0131lar\u0131 ile ilgilenen dald\u0131r. Periodontistler ise bu k\u0131s\u0131mlarda olu\u015fabilecek hastal\u0131klar\u0131n \u00f6nlenmesi, tan\u0131 konulmas\u0131 ve tedavisinin yan\u0131 s\u0131ra di\u015f implantlar\u0131n\u0131n yerle\u015ftirilmesi konusunda uzman di\u015f hekimleridir.<\/p>\n","protected":false},"excerpt":{"rendered":"<p>Periodonti, di\u015flerin etraf\u0131nda bulunan, di\u015fetleri, \u00e7ene kemikleri, di\u015fleri \u00e7ene kemiklerine ba\u011flayan ve sabitleyen sement ve periodontal ligamentten olu\u015fan destek yap\u0131lar\u0131 ile ilgilenen dald\u0131r. Periodontistler ise bu<span class=\"excerpt-hellip\"> [\u2026]<\/span><\/p>\n","protected":false},"author":1,"featured_media":0,"parent":0,"menu_order":0,"comment_status":"closed","ping_status":"closed","template":"","meta":{"footnotes":""},"class_list":["post-842","page","type-page","status-publish","hentry"],"yoast_head":"<!-- This site is optimized with the Yoast SEO plugin v26.2 - https:\/\/yoast.com\/wordpress\/plugins\/seo\/ -->\n<title>Periodontoloji - Dt. Burak An\u0131l SARP<\/title>\n<meta name=\"robots\" content=\"index, follow, max-snippet:-1, max-image-preview:large, max-video-preview:-1\" \/>\n<link rel=\"canonical\" href=\"https:\/\/dtburakanilsarp.com\/tr\/periodontoloji\/\" \/>\n<meta property=\"og:locale\" content=\"tr_TR\" \/>\n<meta property=\"og:type\" content=\"article\" \/>\n<meta property=\"og:title\" content=\"Periodontoloji - Dt. Burak An\u0131l SARP\" \/>\n<meta property=\"og:description\" content=\"Periodonti, di\u015flerin etraf\u0131nda bulunan, di\u015fetleri, \u00e7ene kemikleri, di\u015fleri \u00e7ene kemiklerine ba\u011flayan ve sabitleyen sement ve periodontal ligamentten olu\u015fan destek yap\u0131lar\u0131 ile ilgilenen dald\u0131r. Periodontistler ise bu [\u2026]\" \/>\n<meta property=\"og:url\" content=\"https:\/\/dtburakanilsarp.com\/tr\/periodontoloji\/\" \/>\n<meta property=\"og:site_name\" content=\"Dt. Burak An\u0131l SARP\" \/>\n<meta property=\"article:modified_time\" content=\"2024-11-06T10:45:25+00:00\" \/>\n<meta name=\"twitter:card\" content=\"summary_large_image\" \/>\n<meta name=\"twitter:label1\" content=\"Tahmini okuma s\u00fcresi\" \/>\n\t<meta name=\"twitter:data1\" content=\"1 dakika\" \/>\n<script type=\"application\/ld+json\" class=\"yoast-schema-graph\">{\"@context\":\"https:\/\/schema.org\",\"@graph\":[{\"@type\":\"WebPage\",\"@id\":\"https:\/\/dtburakanilsarp.com\/tr\/periodontoloji\/\",\"url\":\"https:\/\/dtburakanilsarp.com\/tr\/periodontoloji\/\",\"name\":\"Periodontoloji - Dt. Burak An\u0131l SARP\",\"isPartOf\":{\"@id\":\"https:\/\/dtburakanilsarp.com\/tr\/#website\"},\"datePublished\":\"2024-11-06T10:45:22+00:00\",\"dateModified\":\"2024-11-06T10:45:25+00:00\",\"breadcrumb\":{\"@id\":\"https:\/\/dtburakanilsarp.com\/tr\/periodontoloji\/#breadcrumb\"},\"inLanguage\":\"tr\",\"potentialAction\":[{\"@type\":\"ReadAction\",\"target\":[\"https:\/\/dtburakanilsarp.com\/tr\/periodontoloji\/\"]}]},{\"@type\":\"BreadcrumbList\",\"@id\":\"https:\/\/dtburakanilsarp.com\/tr\/periodontoloji\/#breadcrumb\",\"itemListElement\":[{\"@type\":\"ListItem\",\"position\":1,\"name\":\"Ana sayfa\",\"item\":\"https:\/\/dtburakanilsarp.com\/tr\/\"},{\"@type\":\"ListItem\",\"position\":2,\"name\":\"Periodontoloji\"}]},{\"@type\":\"WebSite\",\"@id\":\"https:\/\/dtburakanilsarp.com\/tr\/#website\",\"url\":\"https:\/\/dtburakanilsarp.com\/tr\/\",\"name\":\"Dt. Burak An\u0131l SARP\",\"description\":\"\",\"potentialAction\":[{\"@type\":\"SearchAction\",\"target\":{\"@type\":\"EntryPoint\",\"urlTemplate\":\"https:\/\/dtburakanilsarp.com\/tr\/?s={search_term_string}\"},\"query-input\":{\"@type\":\"PropertyValueSpecification\",\"valueRequired\":true,\"valueName\":\"search_term_string\"}}],\"inLanguage\":\"tr\"}]}<\/script>\n<!-- \/ Yoast SEO plugin. -->","yoast_head_json":{"title":"Periodontoloji - Dt. Burak An\u0131l SARP","robots":{"index":"index","follow":"follow","max-snippet":"max-snippet:-1","max-image-preview":"max-image-preview:large","max-video-preview":"max-video-preview:-1"},"canonical":"https:\/\/dtburakanilsarp.com\/tr\/periodontoloji\/","og_locale":"tr_TR","og_type":"article","og_title":"Periodontoloji - Dt. Burak An\u0131l SARP","og_description":"Periodonti, di\u015flerin etraf\u0131nda bulunan, di\u015fetleri, \u00e7ene kemikleri, di\u015fleri \u00e7ene kemiklerine ba\u011flayan ve sabitleyen sement ve periodontal ligamentten olu\u015fan destek yap\u0131lar\u0131 ile ilgilenen dald\u0131r. Periodontistler ise bu [\u2026]","og_url":"https:\/\/dtburakanilsarp.com\/tr\/periodontoloji\/","og_site_name":"Dt. Burak An\u0131l SARP","article_modified_time":"2024-11-06T10:45:25+00:00","twitter_card":"summary_large_image","twitter_misc":{"Tahmini okuma s\u00fcresi":"1 dakika"},"schema":{"@context":"https:\/\/schema.org","@graph":[{"@type":"WebPage","@id":"https:\/\/dtburakanilsarp.com\/tr\/periodontoloji\/","url":"https:\/\/dtburakanilsarp.com\/tr\/periodontoloji\/","name":"Periodontoloji - Dt. Burak An\u0131l SARP","isPartOf":{"@id":"https:\/\/dtburakanilsarp.com\/tr\/#website"},"datePublished":"2024-11-06T10:45:22+00:00","dateModified":"2024-11-06T10:45:25+00:00","breadcrumb":{"@id":"https:\/\/dtburakanilsarp.com\/tr\/periodontoloji\/#breadcrumb"},"inLanguage":"tr","potentialAction":[{"@type":"ReadAction","target":["https:\/\/dtburakanilsarp.com\/tr\/periodontoloji\/"]}]},{"@type":"BreadcrumbList","@id":"https:\/\/dtburakanilsarp.com\/tr\/periodontoloji\/#breadcrumb","itemListElement":[{"@type":"ListItem","position":1,"name":"Ana sayfa","item":"https:\/\/dtburakanilsarp.com\/tr\/"},{"@type":"ListItem","position":2,"name":"Periodontoloji"}]},{"@type":"WebSite","@id":"https:\/\/dtburakanilsarp.com\/tr\/#website","url":"https:\/\/dtburakanilsarp.com\/tr\/","name":"Dt. Burak An\u0131l SARP","description":"","potentialAction":[{"@type":"SearchAction","target":{"@type":"EntryPoint","urlTemplate":"https:\/\/dtburakanilsarp.com\/tr\/?s={search_term_string}"},"query-input":{"@type":"PropertyValueSpecification","valueRequired":true,"valueName":"search_term_string"}}],"inLanguage":"tr"}]}},"_links":{"self":[{"href":"https:\/\/dtburakanilsarp.com\/tr\/wp-json\/wp\/v2\/pages\/842","targetHints":{"allow":["GET"]}}],"collection":[{"href":"https:\/\/dtburakanilsarp.com\/tr\/wp-json\/wp\/v2\/pages"}],"about":[{"href":"https:\/\/dtburakanilsarp.com\/tr\/wp-json\/wp\/v2\/types\/page"}],"author":[{"embeddable":true,"href":"https:\/\/dtburakanilsarp.com\/tr\/wp-json\/wp\/v2\/users\/1"}],"replies":[{"embeddable":true,"href":"https:\/\/dtburakanilsarp.com\/tr\/wp-json\/wp\/v2\/comments?post=842"}],"version-history":[{"count":1,"href":"https:\/\/dtburakanilsarp.com\/tr\/wp-json\/wp\/v2\/pages\/842\/revisions"}],"predecessor-version":[{"id":843,"href":"https:\/\/dtburakanilsarp.com\/tr\/wp-json\/wp\/v2\/pages\/842\/revisions\/843"}],"wp:attachment":[{"href":"https:\/\/dtburakanilsarp.com\/tr\/wp-json\/wp\/v2\/media?parent=842"}],"curies":[{"name":"wp","href":"https:\/\/api.w.org\/{rel}","templated":true}]}}