{"id":885,"date":"2025-06-16T12:56:08","date_gmt":"2025-06-16T12:56:08","guid":{"rendered":"https:\/\/dtburakanilsarp.com\/tr\/?page_id=885"},"modified":"2025-06-16T13:27:04","modified_gmt":"2025-06-16T13:27:04","slug":"cagri-merkezi-aydinlatma-metni","status":"publish","type":"page","link":"https:\/\/dtburakanilsarp.com\/tr\/cagri-merkezi-aydinlatma-metni\/","title":{"rendered":"\u00c7a\u011fr\u0131 Merkezi Ayd\u0131nlatma Metni"},"content":{"rendered":"\n<p><strong>Dr. \u2026\u2026\u2026\u2026\u2026\u2026..<\/strong>&nbsp;M\u00fc\u015fteri hizmetleri hatt\u0131n\u0131 arayarak ya da web sitesinde yer alan online ileti\u015fim kanal\u0131 \u00fczerinden payla\u015fm\u0131\u015f oldu\u011funuz ad-soyad\u0131, ileti\u015fim (telefon, adres) bilgisi, e-mail adresi ve ses ve yaz\u0131l\u0131-g\u00f6r\u00fcnt\u00fcl\u00fc g\u00f6r\u00fc\u015fme kayd\u0131na ait ki\u015fisel verileriniz;<\/p>\n\n\n\n<p>6698 say\u0131l\u0131 Kanun taraf\u0131ndan \u00f6ng\u00f6r\u00fclen, a) Hukuka ve d\u00fcr\u00fcstl\u00fck kurallar\u0131na uygun olma, b) Do\u011fru ve gerekti\u011finde g\u00fcncel olma c) Belirli, a\u00e7\u0131k ve me\u015fru ama\u00e7lar i\u00e7in i\u015flenme, \u00e7) \u0130\u015flendikleri ama\u00e7la ba\u011flant\u0131l\u0131, s\u0131n\u0131rl\u0131 ve \u00f6l\u00e7\u00fcl\u00fc olma, d)\u0130lgili mevzuatta \u00f6ng\u00f6r\u00fclen veya i\u015flendikleri ama\u00e7 i\u00e7in gerekli olan s\u00fcre kadar muhafaza edilme temel ilkelerine uygun olarak; 6698 say\u0131l\u0131 Kanun;<\/p>\n\n\n\n<p>Md.5\/1 \u00e7er\u00e7evesinde ilgili ki\u015finin&nbsp;<strong>\u201cA\u00e7\u0131k r\u0131zas\u0131n\u0131n al\u0131nmas\u0131\u201d,<\/strong><\/p>\n\n\n\n<p>Md. 5\/2(a) \u201c<strong>Kanunlarda a\u00e7\u0131k\u00e7a \u00f6ng\u00f6r\u00fclmesi<\/strong>\u201d,<\/p>\n\n\n\n<p>Md. 5\/2 (b) \u201c<strong>Fiili imk\u00e2ns\u0131zl\u0131k nedeniyle r\u0131zas\u0131n\u0131 a\u00e7\u0131klayamayacak durumda bulunan veya r\u0131zas\u0131na hukuki ge\u00e7erlilik tan\u0131nmayan ki\u015finin kendisinin ya da bir ba\u015fkas\u0131n\u0131n hayat\u0131 veya beden b\u00fct\u00fcnl\u00fc\u011f\u00fcn\u00fcn korunmas\u0131 i\u00e7in zorunlu olmas\u0131<\/strong>\u201d<\/p>\n\n\n\n<p>Md.5\/2 (c) \u201c<strong>Bir s\u00f6zle\u015fmenin kurulmas\u0131 veya ifas\u0131yla do\u011frudan do\u011fruya ilgili olmas\u0131 kayd\u0131yla, s\u00f6zle\u015fmenin taraflar\u0131na ait ki\u015fisel verilerin i\u015flenmesinin gerekli olmas\u0131<\/strong>\u201d,<\/p>\n\n\n\n<p>Md.5\/2 (\u00e7) \u201c<strong>Veri Sorumlusunun hukuki y\u00fck\u00fcml\u00fcl\u00fc\u011f\u00fcn\u00fc yerine getirmesi\u201d,<\/strong><\/p>\n\n\n\n<p>Md. 5\/2 (d)&nbsp;<strong>\u201c<\/strong><strong>\u0130lgili ki\u015finin kendisi taraf\u0131ndan alenile\u015ftirilmi\u015f olmas\u0131\u201d<\/strong><strong><\/strong><\/p>\n\n\n\n<p>Md. 5\/2 (e)&nbsp;<strong>\u201c<\/strong><strong>Bir hakk\u0131n tesisi, kullan\u0131lmas\u0131 veya korunmas\u0131 i\u00e7in veri i\u015flemenin zorunlu olmas\u0131\u201d<\/strong><strong><\/strong><\/p>\n\n\n\n<p>Md.5\/2 (f) \u201c<strong>\u0130lgili ki\u015finin temel hak ve \u00f6zg\u00fcrl\u00fcklerine zarar vermemek kayd\u0131yla, veri sorumlusunun me\u015fru menfaatleri i\u00e7in veri i\u015flenmesinin zorunlu olmas\u0131\u201d<\/strong>&nbsp;i\u015fleme \u015fart\u0131na dayal\u0131 olarak,<\/p>\n\n\n\n<p>Yine 6698 Say\u0131l\u0131 Kanunun;<\/p>\n\n\n\n<p>Md. 6\/2 (a) \u00e7er\u00e7evesinde ilgili ki\u015finin&nbsp;<strong>\u201cA\u00e7\u0131k r\u0131zas\u0131n\u0131n al\u0131nmas\u0131\u201d,<\/strong><\/p>\n\n\n\n<p>Md. 6\/2 (b) \u201c<strong>Kanunlarda a\u00e7\u0131k\u00e7a \u00f6ng\u00f6r\u00fclmesi<\/strong>\u201d<\/p>\n\n\n\n<p>Md. 6\/2 (d) \u201c<strong>Bir hakk\u0131n tesisi, kullan\u0131lmas\u0131 veya korunmas\u0131 i\u00e7in zorunlu olmas\u0131<\/strong>\u201d<\/p>\n\n\n\n<p>Md. 6\/2 (e) \u201c<strong>S\u0131r saklama y\u00fck\u00fcml\u00fcl\u00fc\u011f\u00fc alt\u0131nda bulunan ki\u015filer veya yetkili kurum ve kurulu\u015flarca, kamu sa\u011fl\u0131\u011f\u0131n\u0131n korunmas\u0131, koruyucu hekimlik, t\u0131bbi te\u015fhis, tedavi ve bak\u0131m hizmetlerinin y\u00fcr\u00fct\u00fclmesi ile sa\u011fl\u0131k hizmetlerinin planlanmas\u0131, y\u00f6netimi ve finansman\u0131 amac\u0131yla gerekli olmas\u0131<\/strong>\u201d<\/p>\n\n\n\n<p>i\u015fleme \u015fart\u0131na dayal\u0131 olarak,<\/p>\n\n\n\n<p>Telefon ve di\u011fer online ileti\u015fim vas\u0131talar\u0131yla otomatik ve\/veya yar\u0131 otomatik olarak i\u015flemekte ve<\/p>\n\n\n\n<ul class=\"wp-block-list\">\n<li>\u0130leti\u015fim kuran ki\u015fiye do\u011fru hitap edilebilmesi,<\/li>\n\n\n\n<li>\u0130leti\u015fimin teyidi, arama ve g\u00f6r\u00fc\u015fme say\u0131s\u0131n\u0131n istatistiksel ama\u00e7la tespiti,<\/li>\n\n\n\n<li>M\u00fc\u015fteri memnuniyeti hizmetlerinin do\u011fru bir \u015fekilde yap\u0131lmas\u0131,<\/li>\n\n\n\n<li>Kargo teslimat\u0131n\u0131n do\u011fru adrese yap\u0131labilmesi,<\/li>\n\n\n\n<li>Denetim ve etik faaliyetlerinin y\u00fcr\u00fct\u00fclmesi,<\/li>\n\n\n\n<li>\u0130leride do\u011fabilecek uyu\u015fmazl\u0131klarda delil olarak kullan\u0131lmas\u0131<\/li>\n\n\n\n<li>\u00dcr\u00fcn ve hizmetlerle ilgili ayr\u0131nt\u0131l\u0131 bilgi verilmesi,<\/li>\n<\/ul>\n\n\n\n<p>amac\u0131yla s\u0131n\u0131rl\u0131 olarak i\u015flenmektedir. Ki\u015fisel verileriniz,<\/p>\n\n\n\n<ol class=\"wp-block-list\">\n<li>Kanuni y\u00fck\u00fcml\u00fcl\u00fc\u011f\u00fcn yerine getirilmesi amac\u0131yla yetkili resmi kurum ve kurulu\u015flar ile kanunen yetkilendirilmi\u015f \u00f6zel ki\u015filere,<\/li>\n\n\n\n<li>Yarg\u0131sal s\u00fcre\u00e7lerin y\u00fcr\u00fct\u00fclebilmesi veya takibinin sa\u011flanmas\u0131 amac\u0131yla ilgili yarg\u0131 makamlar\u0131na ve yetkili avukatlara,<\/li>\n\n\n\n<li>\u0130\u015f s\u00fcre\u00e7lerinin geli\u015ftirilmesi, tan\u0131m ve pazarlama faaliyetlerinin y\u00fcr\u00fct\u00fclmesi, risk y\u00f6netiminin yap\u0131lmas\u0131, sat\u0131\u015f, sat\u0131\u015f sonras\u0131 destek s\u00fcre\u00e7lerinin planlanmas\u0131, s\u00f6zle\u015fmesel y\u00fck\u00fcml\u00fcl\u00fcklerin yerine getirilmesi i\u00e7in yetkili servis, veri sorumlusunun hizmet ald\u0131\u011f\u0131 mesleki dan\u0131\u015fmanlar, muhasebeciler ve denet\u00e7ilere,<\/li>\n\n\n\n<li>S\u00f6zle\u015fmesel y\u00fck\u00fcml\u00fcl\u00fcklerin ifas\u0131, hakk\u0131n tesisi, kanuni y\u00fck\u00fcml\u00fcl\u00fcklerin yerine getirilmesi ve me\u015fru menfaat kapsam\u0131nda veri sorumlusunun ticari, idari veya s\u00f6zle\u015fmesel ili\u015fki i\u00e7inde bulundu\u011fu \u00f6zel ve resmi kurumlara,<\/li>\n\n\n\n<li>S\u00f6zle\u015fmesel y\u00fck\u00fcml\u00fcl\u00fcklerin ifas\u0131 i\u00e7in ta\u015f\u0131ma ve da\u011f\u0131t\u0131m hizmeti veren kargo, motokurye ve lojistik firmalar\u0131na,<\/li>\n\n\n\n<li>\u0130\u00e7 ili\u015fkilerimizin y\u00fcr\u00fct\u00fclmesi amac\u0131yla grup \u015firketlerine<\/li>\n<\/ol>\n\n\n\n<p>aktar\u0131labilecektir.<\/p>\n\n\n\n<p>Ki\u015fisel verisi i\u015flenen ger\u00e7ek ki\u015filerin 6698 say\u0131l\u0131 Kanun\u2019nun 11. maddesi uyar\u0131nca sahip oldu\u011fu haklar a\u015fa\u011f\u0131daki gibidir;<\/p>\n\n\n\n<ol class=\"wp-block-list\">\n<li>Ki\u015fisel veri i\u015flenip i\u015flenmedi\u011fini \u00f6\u011frenme,<\/li>\n\n\n\n<li>Ki\u015fisel verileri i\u015flenmi\u015fse buna ili\u015fkin bilgi talep etme,<\/li>\n\n\n\n<li>Ki\u015fisel verilerin i\u015flenme amac\u0131n\u0131 ve bunlar\u0131n amac\u0131na uygun kullan\u0131l\u0131p kullan\u0131lmad\u0131\u011f\u0131n\u0131 \u00f6\u011frenme,<\/li>\n\n\n\n<li>Yurt i\u00e7inde veya yurt d\u0131\u015f\u0131nda ki\u015fisel verilerin aktar\u0131l\u0131p aktar\u0131lmad\u0131\u011f\u0131 \u00f6\u011frenme ve aktar\u0131l\u0131yor ise aktar\u0131ld\u0131\u011f\u0131 \u00fc\u00e7\u00fcnc\u00fc ki\u015fileri bilme,<\/li>\n\n\n\n<li>Ki\u015fisel verilerin eksik veya yanl\u0131\u015f i\u015flenmi\u015f olmas\u0131 h\u00e2linde bunlar\u0131n d\u00fczeltilmesini isteme ve bu kapsamda yap\u0131lan i\u015flemin ki\u015fisel verilerin aktar\u0131ld\u0131\u011f\u0131 \u00fc\u00e7\u00fcnc\u00fc ki\u015filere bildirilmesini isteme,<\/li>\n\n\n\n<li>6698 say\u0131l\u0131 Kanun ve ilgili di\u011fer kanun h\u00fck\u00fcmlerine uygun olarak i\u015flenmi\u015f olmas\u0131na ra\u011fmen, i\u015flenmesini gerektiren sebeplerin ortadan kalkmas\u0131 h\u00e2linde ki\u015fisel verilerin silinmesini veya yok edilmesini isteme ve bu kapsamda yap\u0131lan i\u015flemin ki\u015fisel verilerin aktar\u0131ld\u0131\u011f\u0131 \u00fc\u00e7\u00fcnc\u00fc ki\u015filere bildirilmesini isteme,<\/li>\n\n\n\n<li>\u0130\u015flenen verilerin m\u00fcnhas\u0131ran otomatik sistemler vas\u0131tas\u0131yla analiz edilmesi suretiyle ki\u015finin kendisi aleyhine bir sonucun ortaya \u00e7\u0131kmas\u0131na itiraz etme,<\/li>\n\n\n\n<li>Ki\u015fisel verilerin kanuna ayk\u0131r\u0131 olarak i\u015flenmesi sebebiyle zarara u\u011framas\u0131 h\u00e2linde zarar\u0131n giderilmesini talep etme.<\/li>\n<\/ol>\n\n\n\n<p>Yukar\u0131da s\u0131ralanan haklar\u0131n\u0131za y\u00f6nelik ba\u015fvurular\u0131n\u0131z\u0131 kimli\u011finizi tespit edici gerekli bilgiler ile 6698 say\u0131l\u0131 Kanun\u2019nun 11. maddesinde belirtilen haklardan kullanmay\u0131 talep etti\u011finiz hakk\u0131n\u0131za y\u00f6nelik a\u00e7\u0131klamalar\u0131n\u0131z\u0131 i\u00e7eren talebinizi;&nbsp;<strong><u>www\u2026\u2026\u2026\u2026com.tr<\/u><\/strong>&nbsp;internet adresinde yer alan \u0130lgili Ki\u015fi Ba\u015fvuru Formunu doldurarak, formun imzal\u0131 bir n\u00fcshas\u0131n\u0131&nbsp;<strong>\u2026\u2026\u2026\u2026\u2026\u2026\u2026\u2026\u2026<\/strong><strong>\/Izmir<\/strong><strong>&nbsp;<\/strong>adresine kimli\u011finizi tespit edici belgeler ile bizzat elden iletebilir, noter kanal\u0131yla veya 6698 say\u0131l\u0131 Kanun\u2019da belirtilen di\u011fer y\u00f6ntemler ile g\u00f6nderebilir veya ilgili formu \u2026\u2026\u2026\u2026.@hs02.kep.tr adresine g\u00fcvenli elektronik imzal\u0131 olarak iletebilirsiniz.<\/p>\n\n\n\n<p>Talebin niteli\u011fine g\u00f6re talep en k\u0131sa s\u00fcrede, en ge\u00e7 otuz (30) g\u00fcn i\u00e7inde \u00fccretsiz olarak sonu\u00e7land\u0131racakt\u0131r. Ancak, i\u015flemin ayr\u0131ca bir maliyeti gerektirmesi h\u00e2linde, taraf\u0131m\u0131zca Ki\u015fisel Verileri Koruma Kurulu taraf\u0131ndan belirlenen tarifedeki \u00fccret al\u0131nacakt\u0131r. Ba\u015fvurular T\u00fcrk\u00e7e yap\u0131lmal\u0131d\u0131r. Ba\u015fvurularda, ad, soyad\u0131 ve ba\u015fvuru yaz\u0131l\u0131 ise imza, T\u00fcrkiye Cumhuriyeti vatanda\u015flar\u0131 i\u00e7in T.C. kimlik numaras\u0131, yabanc\u0131lar i\u00e7in uyru\u011fu, pasaport numaras\u0131\/kimlik numaras\u0131, tebligata esas yerle\u015fim yeri veya i\u015fyeri adresi, varsa bildirime esas elektronik posta adresi, telefon veya faks numaras\u0131 ve talep konusu bulunmas\u0131 zorunludur. \u0130lgili ki\u015finin sahip oldu\u011fu ve yukar\u0131da belirtilen haklar\u0131 kullanmak i\u00e7in yapaca\u011f\u0131 ve kullanmay\u0131 talep etti\u011fi hakka ili\u015fkin a\u00e7\u0131klamalar\u0131 i\u00e7eren ba\u015fvuruda; talep etti\u011fi hususun a\u00e7\u0131k ve anla\u015f\u0131l\u0131r olmas\u0131, talep etti\u011fi konunun \u015fahs\u0131 ile ilgili olmas\u0131 veya ba\u015fkas\u0131 ad\u0131na hareket ediyor ise bu konuda \u00f6zel olarak yetkili olmas\u0131 ve yetkisini belgelendirmesi, ba\u015fvurunun kimlik ve adres bilgilerini i\u00e7ermesi ve ba\u015fvuruya kimli\u011fini tevsik edici belgelerin eklenmesi gerekmektedir.<\/p>\n\n\n\n<p>6698 say\u0131l\u0131 Kanun kapsam\u0131nda&nbsp;<strong>\u201cVeri Sorumlusu\u201d<\/strong>&nbsp;s\u0131fat\u0131yla bildiririz.<\/p>\n\n\n\n<p><strong>Dr. \u2026\u2026\u2026\u2026\u2026\u2026..<\/strong><strong><\/strong><\/p>\n\n\n\n<p><strong>Adres:<\/strong>&nbsp;<strong>\u2026\u2026\u2026\u2026\u2026\u2026<\/strong><strong><\/strong><\/p>\n\n\n\n<p><strong>Tel:&nbsp;<\/strong><strong>\u2026\u2026\u2026\u2026\u2026\u2026.<\/strong><strong><\/strong><strong><\/strong><\/p>\n\n\n\n<p><strong>E-Posta: \u2026\u2026\u2026\u2026<\/strong><strong><\/strong><\/p>\n\n\n\n<figure class=\"wp-block-table\"><table class=\"has-fixed-layout\"><tbody><tr><td><strong><\/strong><strong><\/strong><\/td><td colspan=\"3\"><strong>6698 Say\u0131l\u0131 Ki\u015fisel Verilerin Korunmas\u0131 Mevzuat\u0131 Uyar\u0131nca Ayd\u0131nlatma Metnini Okudum ve Anlad\u0131m.<\/strong><\/td><\/tr><tr><td colspan=\"4\"><strong>Veri Sahibi<\/strong><\/td><\/tr><tr><td colspan=\"2\"><strong>Ad\u0131 Soyad\u0131<\/strong><\/td><td><strong>:<\/strong><\/td><td><strong>&nbsp;<\/strong><\/td><\/tr><tr><td colspan=\"2\"><strong>Tarih<\/strong><\/td><td><strong>:<\/strong><\/td><td><strong>&nbsp;<\/strong><\/td><\/tr><tr><td colspan=\"2\"><strong>\u0130mza<\/strong><\/td><td><strong>:<\/strong><\/td><td><strong>&nbsp;<\/strong><\/td><\/tr><\/tbody><\/table><\/figure>\n\n\n\n<p><\/p>\n","protected":false},"excerpt":{"rendered":"<p>Dr. \u2026\u2026\u2026\u2026\u2026\u2026..&nbsp;M\u00fc\u015fteri hizmetleri hatt\u0131n\u0131 arayarak ya da web sitesinde yer alan online ileti\u015fim kanal\u0131 \u00fczerinden payla\u015fm\u0131\u015f oldu\u011funuz ad-soyad\u0131, ileti\u015fim (telefon, adres) bilgisi, e-mail adresi ve ses<span class=\"excerpt-hellip\"> [\u2026]<\/span><\/p>\n","protected":false},"author":1,"featured_media":0,"parent":0,"menu_order":0,"comment_status":"closed","ping_status":"closed","template":"","meta":{"footnotes":""},"class_list":["post-885","page","type-page","status-publish","hentry"],"yoast_head":"<!-- This site is optimized with the Yoast SEO plugin v26.2 - https:\/\/yoast.com\/wordpress\/plugins\/seo\/ -->\n<title>\u00c7a\u011fr\u0131 Merkezi Ayd\u0131nlatma Metni - Dt. Burak An\u0131l SARP<\/title>\n<meta name=\"robots\" content=\"index, follow, max-snippet:-1, max-image-preview:large, max-video-preview:-1\" \/>\n<link rel=\"canonical\" href=\"https:\/\/dtburakanilsarp.com\/tr\/cagri-merkezi-aydinlatma-metni\/\" \/>\n<meta property=\"og:locale\" content=\"tr_TR\" \/>\n<meta property=\"og:type\" content=\"article\" \/>\n<meta property=\"og:title\" content=\"\u00c7a\u011fr\u0131 Merkezi Ayd\u0131nlatma Metni - Dt. Burak An\u0131l SARP\" \/>\n<meta property=\"og:description\" content=\"Dr. \u2026\u2026\u2026\u2026\u2026\u2026..&nbsp;M\u00fc\u015fteri hizmetleri hatt\u0131n\u0131 arayarak ya da web sitesinde yer alan online ileti\u015fim kanal\u0131 \u00fczerinden payla\u015fm\u0131\u015f oldu\u011funuz ad-soyad\u0131, ileti\u015fim (telefon, adres) bilgisi, e-mail adresi ve ses [\u2026]\" \/>\n<meta property=\"og:url\" content=\"https:\/\/dtburakanilsarp.com\/tr\/cagri-merkezi-aydinlatma-metni\/\" \/>\n<meta property=\"og:site_name\" content=\"Dt. Burak An\u0131l SARP\" \/>\n<meta property=\"article:modified_time\" content=\"2025-06-16T13:27:04+00:00\" \/>\n<meta name=\"twitter:card\" content=\"summary_large_image\" \/>\n<meta name=\"twitter:label1\" content=\"Tahmini okuma s\u00fcresi\" \/>\n\t<meta name=\"twitter:data1\" content=\"6 dakika\" \/>\n<script type=\"application\/ld+json\" class=\"yoast-schema-graph\">{\"@context\":\"https:\/\/schema.org\",\"@graph\":[{\"@type\":\"WebPage\",\"@id\":\"https:\/\/dtburakanilsarp.com\/tr\/cagri-merkezi-aydinlatma-metni\/\",\"url\":\"https:\/\/dtburakanilsarp.com\/tr\/cagri-merkezi-aydinlatma-metni\/\",\"name\":\"\u00c7a\u011fr\u0131 Merkezi Ayd\u0131nlatma Metni - Dt. Burak An\u0131l SARP\",\"isPartOf\":{\"@id\":\"https:\/\/dtburakanilsarp.com\/tr\/#website\"},\"datePublished\":\"2025-06-16T12:56:08+00:00\",\"dateModified\":\"2025-06-16T13:27:04+00:00\",\"breadcrumb\":{\"@id\":\"https:\/\/dtburakanilsarp.com\/tr\/cagri-merkezi-aydinlatma-metni\/#breadcrumb\"},\"inLanguage\":\"tr\",\"potentialAction\":[{\"@type\":\"ReadAction\",\"target\":[\"https:\/\/dtburakanilsarp.com\/tr\/cagri-merkezi-aydinlatma-metni\/\"]}]},{\"@type\":\"BreadcrumbList\",\"@id\":\"https:\/\/dtburakanilsarp.com\/tr\/cagri-merkezi-aydinlatma-metni\/#breadcrumb\",\"itemListElement\":[{\"@type\":\"ListItem\",\"position\":1,\"name\":\"Ana sayfa\",\"item\":\"https:\/\/dtburakanilsarp.com\/tr\/\"},{\"@type\":\"ListItem\",\"position\":2,\"name\":\"\u00c7a\u011fr\u0131 Merkezi Ayd\u0131nlatma Metni\"}]},{\"@type\":\"WebSite\",\"@id\":\"https:\/\/dtburakanilsarp.com\/tr\/#website\",\"url\":\"https:\/\/dtburakanilsarp.com\/tr\/\",\"name\":\"Dt. Burak An\u0131l SARP\",\"description\":\"\",\"potentialAction\":[{\"@type\":\"SearchAction\",\"target\":{\"@type\":\"EntryPoint\",\"urlTemplate\":\"https:\/\/dtburakanilsarp.com\/tr\/?s={search_term_string}\"},\"query-input\":{\"@type\":\"PropertyValueSpecification\",\"valueRequired\":true,\"valueName\":\"search_term_string\"}}],\"inLanguage\":\"tr\"}]}<\/script>\n<!-- \/ Yoast SEO plugin. -->","yoast_head_json":{"title":"\u00c7a\u011fr\u0131 Merkezi Ayd\u0131nlatma Metni - Dt. Burak An\u0131l SARP","robots":{"index":"index","follow":"follow","max-snippet":"max-snippet:-1","max-image-preview":"max-image-preview:large","max-video-preview":"max-video-preview:-1"},"canonical":"https:\/\/dtburakanilsarp.com\/tr\/cagri-merkezi-aydinlatma-metni\/","og_locale":"tr_TR","og_type":"article","og_title":"\u00c7a\u011fr\u0131 Merkezi Ayd\u0131nlatma Metni - Dt. Burak An\u0131l SARP","og_description":"Dr. \u2026\u2026\u2026\u2026\u2026\u2026..&nbsp;M\u00fc\u015fteri hizmetleri hatt\u0131n\u0131 arayarak ya da web sitesinde yer alan online ileti\u015fim kanal\u0131 \u00fczerinden payla\u015fm\u0131\u015f oldu\u011funuz ad-soyad\u0131, ileti\u015fim (telefon, adres) bilgisi, e-mail adresi ve ses [\u2026]","og_url":"https:\/\/dtburakanilsarp.com\/tr\/cagri-merkezi-aydinlatma-metni\/","og_site_name":"Dt. Burak An\u0131l SARP","article_modified_time":"2025-06-16T13:27:04+00:00","twitter_card":"summary_large_image","twitter_misc":{"Tahmini okuma s\u00fcresi":"6 dakika"},"schema":{"@context":"https:\/\/schema.org","@graph":[{"@type":"WebPage","@id":"https:\/\/dtburakanilsarp.com\/tr\/cagri-merkezi-aydinlatma-metni\/","url":"https:\/\/dtburakanilsarp.com\/tr\/cagri-merkezi-aydinlatma-metni\/","name":"\u00c7a\u011fr\u0131 Merkezi Ayd\u0131nlatma Metni - Dt. Burak An\u0131l SARP","isPartOf":{"@id":"https:\/\/dtburakanilsarp.com\/tr\/#website"},"datePublished":"2025-06-16T12:56:08+00:00","dateModified":"2025-06-16T13:27:04+00:00","breadcrumb":{"@id":"https:\/\/dtburakanilsarp.com\/tr\/cagri-merkezi-aydinlatma-metni\/#breadcrumb"},"inLanguage":"tr","potentialAction":[{"@type":"ReadAction","target":["https:\/\/dtburakanilsarp.com\/tr\/cagri-merkezi-aydinlatma-metni\/"]}]},{"@type":"BreadcrumbList","@id":"https:\/\/dtburakanilsarp.com\/tr\/cagri-merkezi-aydinlatma-metni\/#breadcrumb","itemListElement":[{"@type":"ListItem","position":1,"name":"Ana sayfa","item":"https:\/\/dtburakanilsarp.com\/tr\/"},{"@type":"ListItem","position":2,"name":"\u00c7a\u011fr\u0131 Merkezi Ayd\u0131nlatma Metni"}]},{"@type":"WebSite","@id":"https:\/\/dtburakanilsarp.com\/tr\/#website","url":"https:\/\/dtburakanilsarp.com\/tr\/","name":"Dt. Burak An\u0131l SARP","description":"","potentialAction":[{"@type":"SearchAction","target":{"@type":"EntryPoint","urlTemplate":"https:\/\/dtburakanilsarp.com\/tr\/?s={search_term_string}"},"query-input":{"@type":"PropertyValueSpecification","valueRequired":true,"valueName":"search_term_string"}}],"inLanguage":"tr"}]}},"_links":{"self":[{"href":"https:\/\/dtburakanilsarp.com\/tr\/wp-json\/wp\/v2\/pages\/885","targetHints":{"allow":["GET"]}}],"collection":[{"href":"https:\/\/dtburakanilsarp.com\/tr\/wp-json\/wp\/v2\/pages"}],"about":[{"href":"https:\/\/dtburakanilsarp.com\/tr\/wp-json\/wp\/v2\/types\/page"}],"author":[{"embeddable":true,"href":"https:\/\/dtburakanilsarp.com\/tr\/wp-json\/wp\/v2\/users\/1"}],"replies":[{"embeddable":true,"href":"https:\/\/dtburakanilsarp.com\/tr\/wp-json\/wp\/v2\/comments?post=885"}],"version-history":[{"count":3,"href":"https:\/\/dtburakanilsarp.com\/tr\/wp-json\/wp\/v2\/pages\/885\/revisions"}],"predecessor-version":[{"id":888,"href":"https:\/\/dtburakanilsarp.com\/tr\/wp-json\/wp\/v2\/pages\/885\/revisions\/888"}],"wp:attachment":[{"href":"https:\/\/dtburakanilsarp.com\/tr\/wp-json\/wp\/v2\/media?parent=885"}],"curies":[{"name":"wp","href":"https:\/\/api.w.org\/{rel}","templated":true}]}}