{"id":894,"date":"2025-06-16T13:28:31","date_gmt":"2025-06-16T13:28:31","guid":{"rendered":"https:\/\/dtburakanilsarp.com\/tr\/?page_id=894"},"modified":"2025-06-16T13:33:05","modified_gmt":"2025-06-16T13:33:05","slug":"ozel-nitelikli-kisisel-verilerin-korunmasi","status":"publish","type":"page","link":"https:\/\/dtburakanilsarp.com\/tr\/ozel-nitelikli-kisisel-verilerin-korunmasi\/","title":{"rendered":"\u00d6zel Nitelikli Ki\u015fisel Verilerin Korunmas\u0131"},"content":{"rendered":"\n<p><strong>Dr. \u2026\u2026\u2026\u2026\u2026<\/strong><strong><\/strong><\/p>\n\n\n\n<h4 class=\"wp-block-heading\"><strong>\u00d6ZEL N\u0130TEL\u0130KL\u0130 K\u0130\u015e\u0130SEL VER\u0130LER\u0130N KORUNMASI<\/strong>&nbsp;<strong>VE \u0130\u015eLENMES\u0130 POL\u0130T\u0130KASI &amp; AYDINLATMA METN\u0130<\/strong><\/h4>\n\n\n\n<p><strong><u>Haz\u0131rlayan:<\/u><\/strong><\/p>\n\n\n\n<p><a><strong>DR. \u2026\u2026\u2026\u2026(<\/strong><\/a><strong>\u201cVER\u0130 SORUMLUSU\u201d)<\/strong><\/p>\n\n\n\n<p><strong>Adres:<\/strong>&nbsp;<strong>\u2026\u2026\u2026\u2026\u2026..<\/strong><strong><\/strong><\/p>\n\n\n\n<p><strong>Tel:&nbsp;<\/strong><strong>\u2026\u2026\u2026\u2026\u2026\u2026.<\/strong><strong><\/strong><\/p>\n\n\n\n<p><strong>&nbsp;Web:&nbsp;<\/strong><strong><u>\u2026\u2026\u2026\u2026\u2026<\/u><\/strong><strong><\/strong><\/p>\n\n\n\n<p><strong><u>\u00a9 DR. \u2026\u2026\u2026\u2026 (\u201cVER\u0130 SORUMLUSU\u201d), 2025<\/u><\/strong><strong><\/strong><\/p>\n\n\n\n<p><strong>Bu Politika metninde yer alan t\u00fcm i\u00e7eriklerin, bireysel kullan\u0131m d\u0131\u015f\u0131nda izin al\u0131nmadan k\u0131smen ya da tamamen kopyalanmas\u0131, \u00e7o\u011falt\u0131lmas\u0131, kullan\u0131lmas\u0131, yay\u0131mlanmas\u0131 ve da\u011f\u0131t\u0131lmas\u0131 yasakt\u0131r. Bu yasa\u011fa uymayanlar hakk\u0131nda 5846 say\u0131l\u0131 Fikir ve Sanat Eserleri Kanunu uyar\u0131nca yasal i\u015flem yap\u0131lacakt\u0131r. \u00dcr\u00fcn\u00fcn t\u00fcm haklar\u0131 sakl\u0131d\u0131r.<\/strong><\/p>\n\n\n\n<p><strong>G\u0130R\u0130\u015e<\/strong><\/p>\n\n\n\n<p><strong>DR. \u2026\u2026\u2026\u2026<\/strong>&nbsp;(\u201cVER\u0130 SORUMLUSU\u201d), olarak 6698 say\u0131l\u0131 Ki\u015fisel Verilerin Korunmas\u0131 Kanunu(\u201cKanun\u201d) uyar\u0131nca Ki\u015fisel Verilerin hukuka uygun olarak korunmas\u0131 ve i\u015flenmesine azami \u00f6nem veriyor ve t\u00fcm planlama ve faaliyetlerimizde bu \u00f6zenle hareket ediyoruz.<strong><\/strong><\/p>\n\n\n\n<p><strong>Politikan\u0131n Amac\u0131<\/strong><\/p>\n\n\n\n<p>\u00d6zel Nitelikli Ki\u015fisel Verilerin Korunmas\u0131 ve \u0130\u015flenmesi Politikas\u0131 &amp; Ayd\u0131nlatma Metninin (\u201cPolitika\u201d) amac\u0131, Kanun\u2019un amac\u0131na uygun olarak \u00d6zel Nitelikli Ki\u015fisel Verilerin korunmas\u0131 ve i\u015flenmesinde ba\u015fta Anayasa\u2019n\u0131n 20. maddesinde d\u00fczenlenen \u00f6zel hayat\u0131n gizlili\u011fi olmak \u00fczere ki\u015filerin temel hak ve \u00f6zg\u00fcrl\u00fcklerini azami derecede korumak ve VER\u0130 SORUMLUSU\u2019\u0131n y\u00fck\u00fcml\u00fcl\u00fckleri ile Kanun uyar\u0131nca uyaca\u011f\u0131 usul ve esaslar hakk\u0131nda ilgili ki\u015fileri ayd\u0131nlatmak ve bilgilendirmektir.<\/p>\n\n\n\n<p><strong>Politikan\u0131n Kapsam\u0131 ve Tan\u0131mlar<\/strong><\/p>\n\n\n\n<p>Kanun\u2019un 6. maddesinde, hukuka ayk\u0131r\u0131 olarak i\u015flendi\u011finde ki\u015filerin ma\u011fduriyetine veya ayr\u0131mc\u0131l\u0131\u011fa sebep olma riski ta\u015f\u0131yan bir tak\u0131m ki\u015fisel veriler \u201c\u00d6ZEL N\u0130TEL\u0130KL\u0130 K\u0130\u015e\u0130SEL VER\u0130\u201d olarak belirlenmi\u015ftir. \u00d6zel nitelikli ki\u015fisel verilerin kapsam\u0131na ki\u015filerin \u0131rk\u0131, etnik k\u00f6keni, siyasi d\u00fc\u015f\u00fcncesi, inanc\u0131, dini, mezhebi veya di\u011fer inan\u00e7lar\u0131, k\u0131l\u0131k ve k\u0131yafeti, dernek, vak\u0131f ya da sendika \u00fcyeli\u011fi, sa\u011fl\u0131\u011f\u0131, cinsel hayat\u0131, ceza mahk\u00fbmiyeti ve g\u00fcvenlik tedbirleriyle ilgili verileri ile biyometrik ve genetik verileri girmektedir.<\/p>\n\n\n\n<p>\u0130\u015fbu politika kapsam\u0131nda;<\/p>\n\n\n\n<p>\u201cVER\u0130 SORUMLUSU\u201d&nbsp;<strong>DR. \u2026\u2026\u2026\u2026\u2019i<\/strong><strong><\/strong><\/p>\n\n\n\n<p>\u201cVER\u0130 SAH\u0130B\u0130\u201d ki\u015fisel verisi i\u015flenen ger\u00e7ek ki\u015fiyi,<\/p>\n\n\n\n<p>\u201cKURUL\u201d Ki\u015fisel Verileri Koruma Kurulu\u2019nu ifade eder.<\/p>\n\n\n\n<p><strong>\u00d6zel Nitelikli Ki\u015fisel Verilerin \u0130\u015flenmesi<\/strong><\/p>\n\n\n\n<p>Veri Sahibi a\u00e7\u0131s\u0131ndan korunmas\u0131n\u0131n \u00e7e\u015fitli a\u00e7\u0131lardan daha kritik \u00f6nem te\u015fkil etti\u011fine inan\u0131lan \u00d6zel Nitelikli Ki\u015fisel Veriler\u2019in i\u015flenmesinde, VER\u0130 SORUMLUSU taraf\u0131ndan \u00f6zel hassasiyet g\u00f6sterilmektedir.<\/p>\n\n\n\n<p>\u00d6zel Nitelikli Ki\u015fisel Veriler, VER\u0130 SORUMLUSU taraf\u0131ndan, Kanun\u2019a uygun bir \u015fekilde, Kurul\u2019ca belirlenecek yeterli \u00f6nlemlerin al\u0131nmas\u0131 kayd\u0131yla, a\u015fa\u011f\u0131daki \u015fartlar\u0131n varl\u0131\u011f\u0131 halinde i\u015flenmektedir:<\/p>\n\n\n\n<p>Veri Sahibi\u2019nin a\u00e7\u0131k r\u0131zas\u0131 var ise veya Veri Sahibi\u2019nin a\u00e7\u0131k r\u0131zas\u0131 yok ise; Veri Sahibi\u2019nin sa\u011fl\u0131\u011f\u0131 ve cinsel hayat\u0131 d\u0131\u015f\u0131ndaki \u00f6zel nitelikli ki\u015fisel veriler, kanunlarda \u00f6ng\u00f6r\u00fclen hallerde, Veri Sahibi\u2019nin sa\u011fl\u0131\u011f\u0131na ve cinsel hayat\u0131na ili\u015fkin \u00f6zel nitelikli ki\u015fisel verileri ise ancak kamu sa\u011fl\u0131\u011f\u0131n\u0131n korunmas\u0131, koruyucu hekimlik, t\u0131bbi te\u015fhis, tedavi ve bak\u0131m hizmetlerinin y\u00fcr\u00fct\u00fclmesi, sa\u011fl\u0131k hizmetleri ile finansman\u0131n\u0131n planlanmas\u0131 ve y\u00f6netimi amac\u0131yla, s\u0131r saklama y\u00fck\u00fcml\u00fcl\u00fc\u011f\u00fc alt\u0131nda bulunan ki\u015filer veya yetkili kurum ve kurulu\u015flar taraf\u0131ndan i\u015flenmektedir.<\/p>\n\n\n\n<p><strong>\u00d6zel Nitelikli Ki\u015fisel Verilerin \u0130\u015flenmesine \u0130li\u015fkin \u00d6nlemler<\/strong><\/p>\n\n\n\n<p>VER\u0130 SORUMLUSU, Kanun\u2019un 6. Maddesinde yer alan, \u00d6zel Nitelikli Ki\u015fisel Veriler\u2019in i\u015flenmesinde, Kurul\u2019un 31.01.2018 Tarihli ve 2018\/10 Numaral\u0131 karar\u0131 uyar\u0131nca, veri sorumlusu s\u0131fat\u0131yla, a\u015fa\u011f\u0131da belirtilen \u00f6nlemleri almaktad\u0131r:<\/p>\n\n\n\n<p>\u00d6zel nitelikli ki\u015fisel verilerin g\u00fcvenli\u011fine y\u00f6nelik sistemli, kurallar\u0131 net bir \u015fekilde belli, y\u00f6netilebilir ve s\u00fcrd\u00fcr\u00fclebilir i\u015fbu Politika belirlenmi\u015ftir.<\/p>\n\n\n\n<p>\u00d6zel nitelikli ki\u015fisel verilerin i\u015flenmesi s\u00fcre\u00e7lerinde yer alan \u00c7al\u0131\u015fan\u2019lara y\u00f6nelik, Kanun ve buna ba\u011fl\u0131 y\u00f6netmelikler ile \u00d6zel Nitelikli Ki\u015fisel Veri g\u00fcvenli\u011fi konular\u0131nda d\u00fczenli olarak e\u011fitimler verilmektedir, Gizlilik s\u00f6zle\u015fmeleri yap\u0131lmaktad\u0131r, Verilere eri\u015fim yetkisine sahip kullan\u0131c\u0131lar\u0131n, yetki kapsamlar\u0131 ve s\u00fcreleri net olarak tan\u0131mlanmaktad\u0131r, Periyodik olarak yetki kontrolleri ger\u00e7ekle\u015ftirilmektedir, G\u00f6rev de\u011fi\u015fikli\u011fi olan ya da i\u015ften ayr\u0131lan \u00c7al\u0131\u015fanlar\u2019\u0131n bu alandaki yetkileri derhal kald\u0131r\u0131lmaktad\u0131r. Bu kapsamda, Veri Sorumlusu taraf\u0131ndan kendisine tahsis edilen envanteri iade almaktad\u0131r.<\/p>\n\n\n\n<p>\u00d6zel Nitelikli Ki\u015fisel Verilerin i\u015flendi\u011fi, muhafaza edildi\u011fi ve\/veya eri\u015fildi\u011fi ortamlar, elektronik ortam ise, Ki\u015fisel Veriler, kriptografik y\u00f6ntemler kullan\u0131larak muhafaza edilmektedir, Kriptografik anahtarlar g\u00fcvenli ve farkl\u0131 ortamlarda tutulmaktad\u0131r, Ki\u015fisel Veriler \u00fczerinde ger\u00e7ekle\u015ftirilen t\u00fcm hareketlerin i\u015flem kay\u0131tlar\u0131 g\u00fcvenli olarak loglanmaktad\u0131r, Ki\u015fisel Veriler\u2019in bulundu\u011fu ortamlara ait g\u00fcvenlik g\u00fcncellemelerinin s\u00fcrekli takip edilmekte, gerekli g\u00fcvenlik testleri d\u00fczenli olarak yap\u0131lmakta\/yapt\u0131r\u0131lmakta, test sonu\u00e7lar\u0131 kay\u0131t alt\u0131na al\u0131nmaktad\u0131r.<\/p>\n\n\n\n<p>Ki\u015fisel Veriler\u2019e bir yaz\u0131l\u0131m arac\u0131l\u0131\u011f\u0131 ile eri\u015filiyorsa bu yaz\u0131l\u0131ma ait kullan\u0131c\u0131 yetkilendirmeleri yap\u0131lmakta, bu yaz\u0131l\u0131mlar\u0131n g\u00fcvenlik testleri d\u00fczenli olarak yap\u0131lmakta\/yapt\u0131r\u0131lmakta, test sonu\u00e7lar\u0131 kay\u0131t alt\u0131na al\u0131nmaktad\u0131r, Ki\u015fisel Veriler\u2019e uzaktan eri\u015fim gerekiyorsa en az iki kademeli kimlik do\u011frulama sisteminin sa\u011flanmaktad\u0131r.<\/p>\n\n\n\n<p>\u00d6zel Nitelikli Ki\u015fisel Verilerin i\u015flendi\u011fi, muhafaza edildi\u011fi ve\/veya eri\u015fildi\u011fi ortamlar, fiziksel ortam ise;\u00d6zel Nitelikli Ki\u015fisel Veriler\u2019in bulundu\u011fu ortam\u0131n niteli\u011fine g\u00f6re yeterli g\u00fcvenlik \u00f6nlemleri (elektrik ka\u00e7a\u011f\u0131, yang\u0131n, su bask\u0131n\u0131, h\u0131rs\u0131zl\u0131k vb. durumlara kar\u015f\u0131) al\u0131nmaktad\u0131r, Bu ortamlar\u0131n fiziksel g\u00fcvenli\u011finin sa\u011flanarak yetkisiz giri\u015f \u00e7\u0131k\u0131\u015flar engellenmektedir.<\/p>\n\n\n\n<p>\u00d6zel Nitelikli Ki\u015fisel Veriler aktar\u0131lacaksa Ki\u015fisel Verilerin e-posta yoluyla aktar\u0131lmas\u0131 gerekiyorsa \u015fifreli olarak kurumsal e-posta adresiyle veya Kay\u0131tl\u0131 Elektronik Posta (KEP) hesab\u0131 kullan\u0131larak aktar\u0131lmaktad\u0131r, Ta\u015f\u0131nabilir Bellek, CD, DVD gibi ortamlar yoluyla aktar\u0131lmas\u0131 gerekiyorsa kriptografik y\u00f6ntemlerle \u015fifrelenmekte ve kriptografik anahtar farkl\u0131 ortamda tutulmaktad\u0131r, Farkl\u0131 fiziksel ortamlardaki sunucular aras\u0131nda aktarma ger\u00e7ekle\u015ftiriliyorsa, sunucular aras\u0131nda VPN kurularak veya sFTP y\u00f6ntemiyle veri aktar\u0131m\u0131 ger\u00e7ekle\u015ftirilmektedir. Ki\u015fisel Veriler\u2019in ka\u011f\u0131t ortam\u0131 yoluyla aktar\u0131m\u0131 gerekiyorsa evrak\u0131n \u00e7al\u0131nmas\u0131, kaybolmas\u0131 ya da yetkisiz ki\u015filer taraf\u0131ndan g\u00f6r\u00fclmesi gibi risklere kar\u015f\u0131 gerekli \u00f6nlemler al\u0131nmakta ve evrak \u201cGizli \u201d formatta g\u00f6nderilmektedir. Yukar\u0131da belirtilen \u00f6nlemlerin yan\u0131 s\u0131ra Ki\u015fisel Verileri Koruma Kurumunun internet sitesinde yay\u0131mlanan Ki\u015fisel Veri G\u00fcvenli\u011fi Rehberinde belirtilen uygun g\u00fcvenlik d\u00fczeyini temin etmeye y\u00f6nelik teknik ve idari tedbirler de dikkate al\u0131nmal\u0131d\u0131r.<\/p>\n\n\n\n<p><strong>\u00d6zel Nitelikli Ki\u015fisel Verilerin Aktar\u0131lmas\u0131<\/strong><\/p>\n\n\n\n<p>VER\u0130 SORUMLUSU, hukuka uygun olarak elde etmi\u015f oldu\u011fu \u00d6zel Nitelikli Ki\u015fisel Verileri, veri i\u015fleme ama\u00e7lar\u0131 do\u011frultusunda, gerekli g\u00fcvenlik \u00f6nlemlerini alarak, Veri Sahibi\u2019nin \u00d6zel Nitelikli Ki\u015fisel Verileri\u2019ni \u00fc\u00e7\u00fcnc\u00fc ki\u015filere aktarabilmektedir. Bu do\u011frultuda, VER\u0130 SORUMLUSU, \u00d6zel Nitelikli Ki\u015fisel Verileri, yukar\u0131daki b\u00f6l\u00fcmde belirtilen i\u015fleme \u015fartlar\u0131ndan ve a\u015fa\u011f\u0131da belirtilen \u015fartlardan birinin varl\u0131\u011f\u0131 halinde \u00fc\u00e7\u00fcnc\u00fc ki\u015filere aktarabilecektir.<\/p>\n\n\n\n<p>Veri Sahibi\u2019nin a\u00e7\u0131k r\u0131zas\u0131 var ise,Kanunlarda \u00d6zel Nitelikli Ki\u015fisel Veri\u2019nin aktar\u0131laca\u011f\u0131na ili\u015fkin a\u00e7\u0131k bir d\u00fczenleme var ise,Veri Sahibi\u2019nin veya ba\u015fkas\u0131n\u0131n hayat\u0131 veya beden b\u00fct\u00fcnl\u00fc\u011f\u00fcn\u00fcn korunmas\u0131 i\u00e7in zorunlu ise ve Veri Sahibi fiili imk\u00e2ns\u0131zl\u0131k nedeniyle r\u0131zas\u0131n\u0131 a\u00e7\u0131klayamayacak durumda ise veya r\u0131zas\u0131na hukuki ge\u00e7erlilik tan\u0131nm\u0131yorsa; Bir s\u00f6zle\u015fmenin kurulmas\u0131 veya ifas\u0131yla do\u011frudan do\u011fruya ilgili olmak kayd\u0131yla s\u00f6zle\u015fmenin taraflar\u0131na ait ki\u015fisel verinin aktar\u0131lmas\u0131 gerekli ise,VER\u0130 SORUMLUSU\u2019nun hukuki y\u00fck\u00fcml\u00fcl\u00fc\u011f\u00fcn\u00fc yerine getirmesi i\u00e7in ki\u015fisel veri aktar\u0131m\u0131 zorunlu ise,<\/p>\n\n\n\n<p>\u00d6zel Nitelikli Ki\u015fisel Veriler, Veri Sahibi taraf\u0131ndan alenile\u015ftirilmi\u015f ise, \u00d6zel Nitelikli Ki\u015fisel Veri aktar\u0131m\u0131 bir hakk\u0131n tesisi, kullan\u0131lmas\u0131 veya korunmas\u0131 i\u00e7in zorunlu ise,Veri Sahibi\u2019nin temel hak ve \u00f6zg\u00fcrl\u00fcklerine zarar vermemek kayd\u0131yla, VER\u0130 SORUMLUSU\u2019nun me\u015fru menfaatleri i\u00e7in ki\u015fisel veri aktar\u0131m\u0131 zorunlu ise.<\/p>\n","protected":false},"excerpt":{"rendered":"<p>Dr. \u2026\u2026\u2026\u2026\u2026 \u00d6ZEL N\u0130TEL\u0130KL\u0130 K\u0130\u015e\u0130SEL VER\u0130LER\u0130N KORUNMASI&nbsp;VE \u0130\u015eLENMES\u0130 POL\u0130T\u0130KASI &amp; AYDINLATMA METN\u0130 Haz\u0131rlayan: DR. \u2026\u2026\u2026\u2026(\u201cVER\u0130 SORUMLUSU\u201d) Adres:&nbsp;\u2026\u2026\u2026\u2026\u2026.. Tel:&nbsp;\u2026\u2026\u2026\u2026\u2026\u2026. &nbsp;Web:&nbsp;\u2026\u2026\u2026\u2026\u2026 \u00a9 DR. \u2026\u2026\u2026\u2026 (\u201cVER\u0130 SORUMLUSU\u201d), 2025 Bu<span class=\"excerpt-hellip\"> [\u2026]<\/span><\/p>\n","protected":false},"author":1,"featured_media":0,"parent":0,"menu_order":0,"comment_status":"closed","ping_status":"closed","template":"","meta":{"footnotes":""},"class_list":["post-894","page","type-page","status-publish","hentry"],"yoast_head":"<!-- This site is optimized with the Yoast SEO plugin v26.2 - https:\/\/yoast.com\/wordpress\/plugins\/seo\/ -->\n<title>\u00d6zel Nitelikli Ki\u015fisel Verilerin Korunmas\u0131 - Dt. Burak An\u0131l SARP<\/title>\n<meta name=\"robots\" content=\"index, follow, max-snippet:-1, max-image-preview:large, max-video-preview:-1\" \/>\n<link rel=\"canonical\" href=\"https:\/\/dtburakanilsarp.com\/tr\/ozel-nitelikli-kisisel-verilerin-korunmasi\/\" \/>\n<meta property=\"og:locale\" content=\"tr_TR\" \/>\n<meta property=\"og:type\" content=\"article\" \/>\n<meta property=\"og:title\" content=\"\u00d6zel Nitelikli Ki\u015fisel Verilerin Korunmas\u0131 - Dt. Burak An\u0131l SARP\" \/>\n<meta property=\"og:description\" content=\"Dr. \u2026\u2026\u2026\u2026\u2026 \u00d6ZEL N\u0130TEL\u0130KL\u0130 K\u0130\u015e\u0130SEL VER\u0130LER\u0130N KORUNMASI&nbsp;VE \u0130\u015eLENMES\u0130 POL\u0130T\u0130KASI &amp; AYDINLATMA METN\u0130 Haz\u0131rlayan: DR. \u2026\u2026\u2026\u2026(\u201cVER\u0130 SORUMLUSU\u201d) Adres:&nbsp;\u2026\u2026\u2026\u2026\u2026.. Tel:&nbsp;\u2026\u2026\u2026\u2026\u2026\u2026. &nbsp;Web:&nbsp;\u2026\u2026\u2026\u2026\u2026 \u00a9 DR. \u2026\u2026\u2026\u2026 (\u201cVER\u0130 SORUMLUSU\u201d), 2025 Bu [\u2026]\" \/>\n<meta property=\"og:url\" content=\"https:\/\/dtburakanilsarp.com\/tr\/ozel-nitelikli-kisisel-verilerin-korunmasi\/\" \/>\n<meta property=\"og:site_name\" content=\"Dt. Burak An\u0131l SARP\" \/>\n<meta property=\"article:modified_time\" content=\"2025-06-16T13:33:05+00:00\" \/>\n<meta name=\"twitter:card\" content=\"summary_large_image\" \/>\n<meta name=\"twitter:label1\" content=\"Tahmini okuma s\u00fcresi\" \/>\n\t<meta name=\"twitter:data1\" content=\"6 dakika\" \/>\n<script type=\"application\/ld+json\" class=\"yoast-schema-graph\">{\"@context\":\"https:\/\/schema.org\",\"@graph\":[{\"@type\":\"WebPage\",\"@id\":\"https:\/\/dtburakanilsarp.com\/tr\/ozel-nitelikli-kisisel-verilerin-korunmasi\/\",\"url\":\"https:\/\/dtburakanilsarp.com\/tr\/ozel-nitelikli-kisisel-verilerin-korunmasi\/\",\"name\":\"\u00d6zel Nitelikli Ki\u015fisel Verilerin Korunmas\u0131 - Dt. Burak An\u0131l SARP\",\"isPartOf\":{\"@id\":\"https:\/\/dtburakanilsarp.com\/tr\/#website\"},\"datePublished\":\"2025-06-16T13:28:31+00:00\",\"dateModified\":\"2025-06-16T13:33:05+00:00\",\"breadcrumb\":{\"@id\":\"https:\/\/dtburakanilsarp.com\/tr\/ozel-nitelikli-kisisel-verilerin-korunmasi\/#breadcrumb\"},\"inLanguage\":\"tr\",\"potentialAction\":[{\"@type\":\"ReadAction\",\"target\":[\"https:\/\/dtburakanilsarp.com\/tr\/ozel-nitelikli-kisisel-verilerin-korunmasi\/\"]}]},{\"@type\":\"BreadcrumbList\",\"@id\":\"https:\/\/dtburakanilsarp.com\/tr\/ozel-nitelikli-kisisel-verilerin-korunmasi\/#breadcrumb\",\"itemListElement\":[{\"@type\":\"ListItem\",\"position\":1,\"name\":\"Ana sayfa\",\"item\":\"https:\/\/dtburakanilsarp.com\/tr\/\"},{\"@type\":\"ListItem\",\"position\":2,\"name\":\"\u00d6zel Nitelikli Ki\u015fisel Verilerin Korunmas\u0131\"}]},{\"@type\":\"WebSite\",\"@id\":\"https:\/\/dtburakanilsarp.com\/tr\/#website\",\"url\":\"https:\/\/dtburakanilsarp.com\/tr\/\",\"name\":\"Dt. Burak An\u0131l SARP\",\"description\":\"\",\"potentialAction\":[{\"@type\":\"SearchAction\",\"target\":{\"@type\":\"EntryPoint\",\"urlTemplate\":\"https:\/\/dtburakanilsarp.com\/tr\/?s={search_term_string}\"},\"query-input\":{\"@type\":\"PropertyValueSpecification\",\"valueRequired\":true,\"valueName\":\"search_term_string\"}}],\"inLanguage\":\"tr\"}]}<\/script>\n<!-- \/ Yoast SEO plugin. -->","yoast_head_json":{"title":"\u00d6zel Nitelikli Ki\u015fisel Verilerin Korunmas\u0131 - Dt. Burak An\u0131l SARP","robots":{"index":"index","follow":"follow","max-snippet":"max-snippet:-1","max-image-preview":"max-image-preview:large","max-video-preview":"max-video-preview:-1"},"canonical":"https:\/\/dtburakanilsarp.com\/tr\/ozel-nitelikli-kisisel-verilerin-korunmasi\/","og_locale":"tr_TR","og_type":"article","og_title":"\u00d6zel Nitelikli Ki\u015fisel Verilerin Korunmas\u0131 - Dt. Burak An\u0131l SARP","og_description":"Dr. \u2026\u2026\u2026\u2026\u2026 \u00d6ZEL N\u0130TEL\u0130KL\u0130 K\u0130\u015e\u0130SEL VER\u0130LER\u0130N KORUNMASI&nbsp;VE \u0130\u015eLENMES\u0130 POL\u0130T\u0130KASI &amp; AYDINLATMA METN\u0130 Haz\u0131rlayan: DR. \u2026\u2026\u2026\u2026(\u201cVER\u0130 SORUMLUSU\u201d) Adres:&nbsp;\u2026\u2026\u2026\u2026\u2026.. Tel:&nbsp;\u2026\u2026\u2026\u2026\u2026\u2026. &nbsp;Web:&nbsp;\u2026\u2026\u2026\u2026\u2026 \u00a9 DR. \u2026\u2026\u2026\u2026 (\u201cVER\u0130 SORUMLUSU\u201d), 2025 Bu [\u2026]","og_url":"https:\/\/dtburakanilsarp.com\/tr\/ozel-nitelikli-kisisel-verilerin-korunmasi\/","og_site_name":"Dt. Burak An\u0131l SARP","article_modified_time":"2025-06-16T13:33:05+00:00","twitter_card":"summary_large_image","twitter_misc":{"Tahmini okuma s\u00fcresi":"6 dakika"},"schema":{"@context":"https:\/\/schema.org","@graph":[{"@type":"WebPage","@id":"https:\/\/dtburakanilsarp.com\/tr\/ozel-nitelikli-kisisel-verilerin-korunmasi\/","url":"https:\/\/dtburakanilsarp.com\/tr\/ozel-nitelikli-kisisel-verilerin-korunmasi\/","name":"\u00d6zel Nitelikli Ki\u015fisel Verilerin Korunmas\u0131 - Dt. Burak An\u0131l SARP","isPartOf":{"@id":"https:\/\/dtburakanilsarp.com\/tr\/#website"},"datePublished":"2025-06-16T13:28:31+00:00","dateModified":"2025-06-16T13:33:05+00:00","breadcrumb":{"@id":"https:\/\/dtburakanilsarp.com\/tr\/ozel-nitelikli-kisisel-verilerin-korunmasi\/#breadcrumb"},"inLanguage":"tr","potentialAction":[{"@type":"ReadAction","target":["https:\/\/dtburakanilsarp.com\/tr\/ozel-nitelikli-kisisel-verilerin-korunmasi\/"]}]},{"@type":"BreadcrumbList","@id":"https:\/\/dtburakanilsarp.com\/tr\/ozel-nitelikli-kisisel-verilerin-korunmasi\/#breadcrumb","itemListElement":[{"@type":"ListItem","position":1,"name":"Ana sayfa","item":"https:\/\/dtburakanilsarp.com\/tr\/"},{"@type":"ListItem","position":2,"name":"\u00d6zel Nitelikli Ki\u015fisel Verilerin Korunmas\u0131"}]},{"@type":"WebSite","@id":"https:\/\/dtburakanilsarp.com\/tr\/#website","url":"https:\/\/dtburakanilsarp.com\/tr\/","name":"Dt. Burak An\u0131l SARP","description":"","potentialAction":[{"@type":"SearchAction","target":{"@type":"EntryPoint","urlTemplate":"https:\/\/dtburakanilsarp.com\/tr\/?s={search_term_string}"},"query-input":{"@type":"PropertyValueSpecification","valueRequired":true,"valueName":"search_term_string"}}],"inLanguage":"tr"}]}},"_links":{"self":[{"href":"https:\/\/dtburakanilsarp.com\/tr\/wp-json\/wp\/v2\/pages\/894","targetHints":{"allow":["GET"]}}],"collection":[{"href":"https:\/\/dtburakanilsarp.com\/tr\/wp-json\/wp\/v2\/pages"}],"about":[{"href":"https:\/\/dtburakanilsarp.com\/tr\/wp-json\/wp\/v2\/types\/page"}],"author":[{"embeddable":true,"href":"https:\/\/dtburakanilsarp.com\/tr\/wp-json\/wp\/v2\/users\/1"}],"replies":[{"embeddable":true,"href":"https:\/\/dtburakanilsarp.com\/tr\/wp-json\/wp\/v2\/comments?post=894"}],"version-history":[{"count":4,"href":"https:\/\/dtburakanilsarp.com\/tr\/wp-json\/wp\/v2\/pages\/894\/revisions"}],"predecessor-version":[{"id":904,"href":"https:\/\/dtburakanilsarp.com\/tr\/wp-json\/wp\/v2\/pages\/894\/revisions\/904"}],"wp:attachment":[{"href":"https:\/\/dtburakanilsarp.com\/tr\/wp-json\/wp\/v2\/media?parent=894"}],"curies":[{"name":"wp","href":"https:\/\/api.w.org\/{rel}","templated":true}]}}