{"id":896,"date":"2025-06-16T13:30:45","date_gmt":"2025-06-16T13:30:45","guid":{"rendered":"https:\/\/dtburakanilsarp.com\/tr\/?page_id=896"},"modified":"2025-06-16T13:32:47","modified_gmt":"2025-06-16T13:32:47","slug":"ilgili-kisi-haklarinin-kullandirilmasi-bilgilendirme-metni","status":"publish","type":"page","link":"https:\/\/dtburakanilsarp.com\/tr\/ilgili-kisi-haklarinin-kullandirilmasi-bilgilendirme-metni\/","title":{"rendered":"\u0130lgili Ki\u015fi Haklar\u0131n\u0131n Kulland\u0131r\u0131lmas\u0131 Bilgilendirme Metni"},"content":{"rendered":"\n<p>Bu; hukuki bilgi notunda, 6698 say\u0131l\u0131 Ki\u015fisel Verilerin Korunmas\u0131 Kanunu (\u201c<strong>Kanun<\/strong>\u201d) uyar\u0131nca ilgili ki\u015filerin Kanun kapsam\u0131ndaki haklar\u0131n\u0131n kulland\u0131r\u0131lmas\u0131 hakk\u0131nda a\u00e7\u0131klamalara yer verilmektedir. Bu kapsamda Ki\u015fisel Verileri Koruma Kurulu (\u201c<strong>Kurul<\/strong>\u201d) taraf\u0131ndan Kanun\u2019un 13.maddesine dayan\u0131larak konuyla ilgili olarak \u00e7\u0131kar\u0131lan tebli\u011f g\u00f6z \u00f6n\u00fcnde bulundurulacakt\u0131r.<\/p>\n\n\n\n<p><strong>\u0130lgili Ki\u015finin Haklar\u0131<\/strong><\/p>\n\n\n\n<p>Kanunun 11. maddesi gere\u011fince ilgili ki\u015fi veri sorumlusuna ba\u015fvurarak kendisiyle ilgili ki\u015fisel veri i\u015flenip i\u015flenmedi\u011fini \u00f6\u011frenme, ki\u015fisel verileri i\u015flenmi\u015fse buna ili\u015fkin bilgi talep etme, ki\u015fisel verilerin i\u015flenme amac\u0131n\u0131 ve bunlar\u0131n amac\u0131na uygun kullan\u0131l\u0131p kullan\u0131lmad\u0131\u011f\u0131n\u0131 \u00f6\u011frenme, yurt i\u00e7inde veya yurt d\u0131\u015f\u0131nda ki\u015fisel verilerin aktar\u0131ld\u0131\u011f\u0131 \u00fc\u00e7\u00fcnc\u00fc ki\u015fileri bilme, ki\u015fisel verilerin eksik veya yanl\u0131\u015f i\u015flenmi\u015f olmas\u0131 h\u00e2linde bunlar\u0131n d\u00fczeltilmesini isteme, Kanun\u2019un 7.maddede \u00f6ng\u00f6r\u00fclen \u015fartlar \u00e7er\u00e7evesinde ki\u015fisel verilerin silinmesini veya yok edilmesini isteme, Kanun md.10 (d) ve (e) bentleri uyar\u0131nca yap\u0131lan i\u015flemlerin, ki\u015fisel verilerin aktar\u0131ld\u0131\u011f\u0131 \u00fc\u00e7\u00fcnc\u00fc ki\u015filere bildirilmesini isteme, i\u015flenen verilerin m\u00fcnhas\u0131ran otomatik sistemler vas\u0131tas\u0131yla analiz edilmesi suretiyle ki\u015finin kendisi aleyhine bir sonucun ortaya \u00e7\u0131kmas\u0131na itiraz etme, ki\u015fisel verilerin kanuna ayk\u0131r\u0131 olarak i\u015flenmesi sebebiyle zarara u\u011framas\u0131 h\u00e2linde zarar\u0131n giderilmesini talep etme haklar\u0131na sahiptir.<\/p>\n\n\n\n<p><strong>\u0130lgili Ki\u015finin Yapt\u0131\u011f\u0131 Ba\u015fvuruya \u0130li\u015fkin Usul ve Esaslar<\/strong><\/p>\n\n\n\n<p>Kurul\u2019un 10 Mart 2018 tarihli Resmi Gazetede yay\u0131nlanan Veri Sorumlusuna Ba\u015fvuru Usul ve Esaslar\u0131 Hakk\u0131nda Tebli\u011f\u2019de(\u201c<strong>Tebli\u011f<\/strong>\u201d) ba\u015fvurunun ne \u015fekilde yap\u0131laca\u011f\u0131 ile ilgili a\u00e7\u0131klamalar yer almaktad\u0131r. Buna g\u00f6re;&nbsp; \u201cilgili ki\u015fi, Kanunun 11 inci maddesinde belirtilen haklar\u0131 kapsam\u0131nda taleplerini, yaz\u0131l\u0131 olarak veya kay\u0131tl\u0131 elektronik posta (KEP) adresi, g\u00fcvenli elektronik imza, mobil imza ya da ilgili ki\u015fi taraf\u0131ndan veri sorumlusuna daha \u00f6nce bildirilen ve veri sorumlusunun sisteminde kay\u0131tl\u0131 bulunan elektronik posta adresini kullanmak suretiyle veya ba\u015fvuru amac\u0131na y\u00f6nelik geli\u015ftirilmi\u015f bir yaz\u0131l\u0131m ya da uygulama vas\u0131tas\u0131yla veri sorumlusuna iletir\u201d denilmek suretiyle ba\u015fvurunun ne \u015fekilde yap\u0131lmas\u0131 gerekti\u011fi belirtilmektedir. Ayn\u0131 tebli\u011fde ba\u015fvuruda yer almas\u0131 gereken asgari unsurlar da belirtilmektedir. Buna g\u00f6re; ba\u015fvuruda yer almas\u0131 gereken asgari unsurlar, ad\u0131, soyad\u0131 ve ba\u015fvuru yaz\u0131l\u0131 ise imza; T\u00fcrkiye Cumhuriyeti vatanda\u015flar\u0131 i\u00e7in T.C. kimlik numaras\u0131, yabanc\u0131lar i\u00e7in uyru\u011fu, pasaport numaras\u0131 veya varsa kimlik numaras\u0131; tebligata esas yerle\u015fim yeri veya i\u015f yeri adresi, varsa bildirime esas elektronik posta adresi, telefon ve faks numaras\u0131, talep konusu \u015feklinde s\u0131ralanmaktad\u0131r. Yine s\u00f6z konusu tebli\u011fde belirtilen hususlardan birisi de ba\u015fvurunun hangi tarihten itibaren yap\u0131lm\u0131\u015f say\u0131laca\u011f\u0131d\u0131r. Tebli\u011fin 5.maddesinde bu durum ikiye ayr\u0131larak \u015fu \u015fekilde izah edilmektedir: yaz\u0131l\u0131 ba\u015fvurularda, veri sorumlusuna veya temsilcisine evrak\u0131n tebli\u011f edildi\u011fi tarih, di\u011fer y\u00f6ntemlerle yap\u0131lan ba\u015fvurularda; ba\u015fvurunun veri sorumlusuna ula\u015ft\u0131\u011f\u0131 tarih, ba\u015fvuru tarihidir.<\/p>\n\n\n\n<p><strong>Ba\u015fvuruya Cevapta Uyulmas\u0131 Gereken Usul ve Esaslar<\/strong><\/p>\n\n\n\n<p>Veri sorumlusu tebli\u011f kapsam\u0131nda ilgili ki\u015fi taraf\u0131ndan yap\u0131lacak ba\u015fvurular\u0131 etkin, hukuka ve d\u00fcr\u00fcstl\u00fck kural\u0131na uygun olarak sonu\u00e7land\u0131rmak \u00fczere gerekli her t\u00fcrl\u00fc idari ve teknik tedbirleri almakla y\u00fck\u00fcml\u00fcd\u00fcr. Ayr\u0131ca yine Tebli\u011f\u2019de belirtilen \u015fekilde veri sorumlusuna kendisine yap\u0131lan ba\u015fvurular\u0131 ya kabul ederek gerekli i\u015flemleri yapacak, ya da gerek\u00e7esini de a\u00e7\u0131klamak ko\u015fuluyla talebi reddederek Kanun\u2019da belirtilen 30 g\u00fcnl\u00fck s\u00fcre i\u00e7erisinde ilgilisine bildirecektir. Veri sorumlusu kendisine yap\u0131lan ba\u015fvuru ne \u015fekilde olursa olsun, yaz\u0131l\u0131 olarak veya elektronik ortamda talep hakk\u0131ndaki karar\u0131n\u0131 ilgili ki\u015fiye bildirmelidir. \u0130lgili ki\u015fiye iletilecek cevap yaz\u0131s\u0131nda bulunmas\u0131 gereken asgari unsurlar tebli\u011fde belirlenmi\u015ftir. Buna g\u00f6re cevap yaz\u0131s\u0131n\u0131n: Veri sorumlusu veya temsilcisine ait bilgileri, ba\u015fvuru sahibinin; ad\u0131 ve soyad\u0131n\u0131, T\u00fcrkiye Cumhuriyeti vatanda\u015flar\u0131 i\u00e7in T.C. kimlik numaras\u0131n\u0131, yabanc\u0131lar i\u00e7in uyru\u011funu, pasaport numaras\u0131n\u0131 veya varsa kimlik numaras\u0131n\u0131, tebligata esas yerle\u015fim yeri veya i\u015f yeri adresini, varsa bildirime esas elektronik posta adresini, telefon ve faks numaras\u0131n\u0131; talep konusunu; veri sorumlusunun ba\u015fvuruya ili\u015fkin a\u00e7\u0131klamalar\u0131n\u0131 i\u00e7ermesi zorunludur<\/p>\n\n\n\n<p><strong>Yap\u0131lan Ba\u015fvurular\u0131n Yan\u0131tlanmas\u0131nda \u0130stenilecek \u00dccret<\/strong><\/p>\n\n\n\n<p>Kanun\u2019un 13.maddesinin ikinci f\u0131kras\u0131 uyar\u0131nca veri sorumlusu ba\u015fvuruda yer alan talepleri, talebin niteli\u011fine g\u00f6re en k\u0131sa s\u00fcrede ve en ge\u00e7 otuz g\u00fcn i\u00e7inde \u00fccretsiz olarak sonu\u00e7land\u0131r\u0131r. Ancak, i\u015flemin ayr\u0131ca bir maliyeti gerektirmesi h\u00e2linde, Kurulca belirlenen tarifedeki \u00fccret al\u0131nabilir. Kanun h\u00fckm\u00fcnden de anla\u015f\u0131labilece\u011fi \u00fczere taleplerin \u00fccretsiz kar\u015f\u0131lanmas\u0131 esast\u0131r. Ancak Kurul\u2019un Tebli\u011f\u2019de belirtmi\u015f oldu\u011fu haller kapsam\u0131nda ba\u015fvurunun yan\u0131tlanmas\u0131nda \u00fccret talep edilebilecektir. Tebli\u011f\u2019de \u00fccretle ilgili \u015fu h\u00fck\u00fcmlere yer verilmi\u015ftir: \u201c\u0130lgili ki\u015finin ba\u015fvurusuna yaz\u0131l\u0131 olarak cevap verilecekse, on sayfaya kadar \u00fccret al\u0131nmaz. On sayfan\u0131n \u00fczerindeki her sayfa i\u00e7in 1 T\u00fcrk Liras\u0131 i\u015flem \u00fccreti al\u0131nabilir. Ba\u015fvuruya cevab\u0131n CD, flash bellek gibi bir kay\u0131t ortam\u0131nda verilmesi halinde veri sorumlusu taraf\u0131ndan talep edilebilecek \u00fccret kay\u0131t ortam\u0131n\u0131n maliyetini ge\u00e7emez.\u201d Ayr\u0131ca Kanun\u2019un 13.maddesinin son f\u0131kras\u0131nda belirtildi\u011fi \u00fczere ba\u015fvurunun veri sorumlusunun hatas\u0131ndan kaynaklanmas\u0131 h\u00e2linde al\u0131nan \u00fccret ilgiliye iade edilir.<\/p>\n","protected":false},"excerpt":{"rendered":"<p>Bu; hukuki bilgi notunda, 6698 say\u0131l\u0131 Ki\u015fisel Verilerin Korunmas\u0131 Kanunu (\u201cKanun\u201d) uyar\u0131nca ilgili ki\u015filerin Kanun kapsam\u0131ndaki haklar\u0131n\u0131n kulland\u0131r\u0131lmas\u0131 hakk\u0131nda a\u00e7\u0131klamalara yer verilmektedir. Bu kapsamda Ki\u015fisel Verileri<span class=\"excerpt-hellip\"> [\u2026]<\/span><\/p>\n","protected":false},"author":1,"featured_media":0,"parent":0,"menu_order":0,"comment_status":"closed","ping_status":"closed","template":"","meta":{"footnotes":""},"class_list":["post-896","page","type-page","status-publish","hentry"],"yoast_head":"<!-- This site is optimized with the Yoast SEO plugin v26.2 - https:\/\/yoast.com\/wordpress\/plugins\/seo\/ -->\n<title>\u0130lgili Ki\u015fi Haklar\u0131n\u0131n Kulland\u0131r\u0131lmas\u0131 Bilgilendirme Metni - Dt. Burak An\u0131l SARP<\/title>\n<meta name=\"robots\" content=\"index, follow, max-snippet:-1, max-image-preview:large, max-video-preview:-1\" \/>\n<link rel=\"canonical\" href=\"https:\/\/dtburakanilsarp.com\/tr\/ilgili-kisi-haklarinin-kullandirilmasi-bilgilendirme-metni\/\" \/>\n<meta property=\"og:locale\" content=\"tr_TR\" \/>\n<meta property=\"og:type\" content=\"article\" \/>\n<meta property=\"og:title\" content=\"\u0130lgili Ki\u015fi Haklar\u0131n\u0131n Kulland\u0131r\u0131lmas\u0131 Bilgilendirme Metni - Dt. Burak An\u0131l SARP\" \/>\n<meta property=\"og:description\" content=\"Bu; hukuki bilgi notunda, 6698 say\u0131l\u0131 Ki\u015fisel Verilerin Korunmas\u0131 Kanunu (\u201cKanun\u201d) uyar\u0131nca ilgili ki\u015filerin Kanun kapsam\u0131ndaki haklar\u0131n\u0131n kulland\u0131r\u0131lmas\u0131 hakk\u0131nda a\u00e7\u0131klamalara yer verilmektedir. Bu kapsamda Ki\u015fisel Verileri [\u2026]\" \/>\n<meta property=\"og:url\" content=\"https:\/\/dtburakanilsarp.com\/tr\/ilgili-kisi-haklarinin-kullandirilmasi-bilgilendirme-metni\/\" \/>\n<meta property=\"og:site_name\" content=\"Dt. Burak An\u0131l SARP\" \/>\n<meta property=\"article:modified_time\" content=\"2025-06-16T13:32:47+00:00\" \/>\n<meta name=\"twitter:card\" content=\"summary_large_image\" \/>\n<meta name=\"twitter:label1\" content=\"Tahmini okuma s\u00fcresi\" \/>\n\t<meta name=\"twitter:data1\" content=\"4 dakika\" \/>\n<script type=\"application\/ld+json\" class=\"yoast-schema-graph\">{\"@context\":\"https:\/\/schema.org\",\"@graph\":[{\"@type\":\"WebPage\",\"@id\":\"https:\/\/dtburakanilsarp.com\/tr\/ilgili-kisi-haklarinin-kullandirilmasi-bilgilendirme-metni\/\",\"url\":\"https:\/\/dtburakanilsarp.com\/tr\/ilgili-kisi-haklarinin-kullandirilmasi-bilgilendirme-metni\/\",\"name\":\"\u0130lgili Ki\u015fi Haklar\u0131n\u0131n Kulland\u0131r\u0131lmas\u0131 Bilgilendirme Metni - Dt. Burak An\u0131l SARP\",\"isPartOf\":{\"@id\":\"https:\/\/dtburakanilsarp.com\/tr\/#website\"},\"datePublished\":\"2025-06-16T13:30:45+00:00\",\"dateModified\":\"2025-06-16T13:32:47+00:00\",\"breadcrumb\":{\"@id\":\"https:\/\/dtburakanilsarp.com\/tr\/ilgili-kisi-haklarinin-kullandirilmasi-bilgilendirme-metni\/#breadcrumb\"},\"inLanguage\":\"tr\",\"potentialAction\":[{\"@type\":\"ReadAction\",\"target\":[\"https:\/\/dtburakanilsarp.com\/tr\/ilgili-kisi-haklarinin-kullandirilmasi-bilgilendirme-metni\/\"]}]},{\"@type\":\"BreadcrumbList\",\"@id\":\"https:\/\/dtburakanilsarp.com\/tr\/ilgili-kisi-haklarinin-kullandirilmasi-bilgilendirme-metni\/#breadcrumb\",\"itemListElement\":[{\"@type\":\"ListItem\",\"position\":1,\"name\":\"Ana sayfa\",\"item\":\"https:\/\/dtburakanilsarp.com\/tr\/\"},{\"@type\":\"ListItem\",\"position\":2,\"name\":\"\u0130lgili Ki\u015fi Haklar\u0131n\u0131n Kulland\u0131r\u0131lmas\u0131 Bilgilendirme Metni\"}]},{\"@type\":\"WebSite\",\"@id\":\"https:\/\/dtburakanilsarp.com\/tr\/#website\",\"url\":\"https:\/\/dtburakanilsarp.com\/tr\/\",\"name\":\"Dt. Burak An\u0131l SARP\",\"description\":\"\",\"potentialAction\":[{\"@type\":\"SearchAction\",\"target\":{\"@type\":\"EntryPoint\",\"urlTemplate\":\"https:\/\/dtburakanilsarp.com\/tr\/?s={search_term_string}\"},\"query-input\":{\"@type\":\"PropertyValueSpecification\",\"valueRequired\":true,\"valueName\":\"search_term_string\"}}],\"inLanguage\":\"tr\"}]}<\/script>\n<!-- \/ Yoast SEO plugin. -->","yoast_head_json":{"title":"\u0130lgili Ki\u015fi Haklar\u0131n\u0131n Kulland\u0131r\u0131lmas\u0131 Bilgilendirme Metni - Dt. Burak An\u0131l SARP","robots":{"index":"index","follow":"follow","max-snippet":"max-snippet:-1","max-image-preview":"max-image-preview:large","max-video-preview":"max-video-preview:-1"},"canonical":"https:\/\/dtburakanilsarp.com\/tr\/ilgili-kisi-haklarinin-kullandirilmasi-bilgilendirme-metni\/","og_locale":"tr_TR","og_type":"article","og_title":"\u0130lgili Ki\u015fi Haklar\u0131n\u0131n Kulland\u0131r\u0131lmas\u0131 Bilgilendirme Metni - Dt. Burak An\u0131l SARP","og_description":"Bu; hukuki bilgi notunda, 6698 say\u0131l\u0131 Ki\u015fisel Verilerin Korunmas\u0131 Kanunu (\u201cKanun\u201d) uyar\u0131nca ilgili ki\u015filerin Kanun kapsam\u0131ndaki haklar\u0131n\u0131n kulland\u0131r\u0131lmas\u0131 hakk\u0131nda a\u00e7\u0131klamalara yer verilmektedir. Bu kapsamda Ki\u015fisel Verileri [\u2026]","og_url":"https:\/\/dtburakanilsarp.com\/tr\/ilgili-kisi-haklarinin-kullandirilmasi-bilgilendirme-metni\/","og_site_name":"Dt. Burak An\u0131l SARP","article_modified_time":"2025-06-16T13:32:47+00:00","twitter_card":"summary_large_image","twitter_misc":{"Tahmini okuma s\u00fcresi":"4 dakika"},"schema":{"@context":"https:\/\/schema.org","@graph":[{"@type":"WebPage","@id":"https:\/\/dtburakanilsarp.com\/tr\/ilgili-kisi-haklarinin-kullandirilmasi-bilgilendirme-metni\/","url":"https:\/\/dtburakanilsarp.com\/tr\/ilgili-kisi-haklarinin-kullandirilmasi-bilgilendirme-metni\/","name":"\u0130lgili Ki\u015fi Haklar\u0131n\u0131n Kulland\u0131r\u0131lmas\u0131 Bilgilendirme Metni - Dt. Burak An\u0131l SARP","isPartOf":{"@id":"https:\/\/dtburakanilsarp.com\/tr\/#website"},"datePublished":"2025-06-16T13:30:45+00:00","dateModified":"2025-06-16T13:32:47+00:00","breadcrumb":{"@id":"https:\/\/dtburakanilsarp.com\/tr\/ilgili-kisi-haklarinin-kullandirilmasi-bilgilendirme-metni\/#breadcrumb"},"inLanguage":"tr","potentialAction":[{"@type":"ReadAction","target":["https:\/\/dtburakanilsarp.com\/tr\/ilgili-kisi-haklarinin-kullandirilmasi-bilgilendirme-metni\/"]}]},{"@type":"BreadcrumbList","@id":"https:\/\/dtburakanilsarp.com\/tr\/ilgili-kisi-haklarinin-kullandirilmasi-bilgilendirme-metni\/#breadcrumb","itemListElement":[{"@type":"ListItem","position":1,"name":"Ana sayfa","item":"https:\/\/dtburakanilsarp.com\/tr\/"},{"@type":"ListItem","position":2,"name":"\u0130lgili Ki\u015fi Haklar\u0131n\u0131n Kulland\u0131r\u0131lmas\u0131 Bilgilendirme Metni"}]},{"@type":"WebSite","@id":"https:\/\/dtburakanilsarp.com\/tr\/#website","url":"https:\/\/dtburakanilsarp.com\/tr\/","name":"Dt. Burak An\u0131l SARP","description":"","potentialAction":[{"@type":"SearchAction","target":{"@type":"EntryPoint","urlTemplate":"https:\/\/dtburakanilsarp.com\/tr\/?s={search_term_string}"},"query-input":{"@type":"PropertyValueSpecification","valueRequired":true,"valueName":"search_term_string"}}],"inLanguage":"tr"}]}},"_links":{"self":[{"href":"https:\/\/dtburakanilsarp.com\/tr\/wp-json\/wp\/v2\/pages\/896","targetHints":{"allow":["GET"]}}],"collection":[{"href":"https:\/\/dtburakanilsarp.com\/tr\/wp-json\/wp\/v2\/pages"}],"about":[{"href":"https:\/\/dtburakanilsarp.com\/tr\/wp-json\/wp\/v2\/types\/page"}],"author":[{"embeddable":true,"href":"https:\/\/dtburakanilsarp.com\/tr\/wp-json\/wp\/v2\/users\/1"}],"replies":[{"embeddable":true,"href":"https:\/\/dtburakanilsarp.com\/tr\/wp-json\/wp\/v2\/comments?post=896"}],"version-history":[{"count":2,"href":"https:\/\/dtburakanilsarp.com\/tr\/wp-json\/wp\/v2\/pages\/896\/revisions"}],"predecessor-version":[{"id":902,"href":"https:\/\/dtburakanilsarp.com\/tr\/wp-json\/wp\/v2\/pages\/896\/revisions\/902"}],"wp:attachment":[{"href":"https:\/\/dtburakanilsarp.com\/tr\/wp-json\/wp\/v2\/media?parent=896"}],"curies":[{"name":"wp","href":"https:\/\/api.w.org\/{rel}","templated":true}]}}